{"id":12164,"date":"2019-11-14T09:57:11","date_gmt":"2019-11-14T09:57:11","guid":{"rendered":"http:\/\/willistowerwatson-v2.site.findly.com\/early-careers\/apprenticeships\/apprenticeship-faqs\/"},"modified":"2022-12-26T06:51:29","modified_gmt":"2022-12-26T06:51:29","slug":"apprenticeship-faqs","status":"publish","type":"page","link":"https:\/\/willistowerwatson.site.findly.com\/de\/early-careers\/apprenticeships\/apprenticeship-faqs\/","title":{"rendered":"APPRENTICESHIP FAQs"},"content":{"rendered":"<\/div><\/div><\/div><!-- close content main div --><\/div><\/div><div id='av_section_1' class='avia-section main_color avia-section-small avia-no-border-styling avia-bg-style-scroll  search-banner new-search container_wrap fullsize'   ><div class='container' ><div class='template-page content  av-content-full alpha units'><div class='post-entry post-entry-type-page post-entry-12164'><div class='entry-content-wrapper clearfix'>\n<div class='flex_column_table av-equal-height-column-flextable' ><div class=\"flex_column av_two_third  flex_column_table_cell av-equal-height-column av-align-top av-zero-column-padding first   \" style='border-radius:0px; '><div class='avia-builder-widget-area clearfix '><div id=\"widget_job_search_v2-3\" class=\"widget clearfix widget-jobsearch widget-jobsearch-v2\"><form method=\"GET\" id=\"cws_quickjobsearch\" role=\"search\" class=\"clearfix g-cols offset_medium\" action=\"\/de\/job-search-results\/\"><div class=\"quicksearch-field quicksearch-SearchText first avia-builder-el-first  flex_column av_one_half horizontal\"><div class=\"w-form-row\"><div class=\"w-form-row-label\"><label for=\"cws_quickjobsearch_keywords\">Job Title or Category<\/label><\/div><div class=\"w-form-row-field\"><input type=\"text\" class=\"text_input keyword_suggest\" name=\"keyword\" id=\"cws_quickjobsearch_keywords\" data-autocomplete_limit=\"5\" placeholder=\"Job Title or Category\"  data-param=\"SearchText\" aria-describedby=\"keyword-help\" value=\"\" \/><span id=\"keyword-help\" class=\"visually-hidden sr-only\" aria-live=\"polite\">Begin typing to find suggestions.<\/span><span class=\"w-form-row-field-bar\"><\/span><\/div><input type=\"hidden\" name=\"fuzzy\" id=\"cws_quickjobsearch_fuzzy\" data-param=\"fuzzy\" value=\"\" \/><\/div><\/div><div class=\"quicksearch-btn avia-builder-el-last flex_column av_one_half\"><input class=\"avia-button avia-color-theme-color avia-size-small quicksearch-submit\" type=\"submit\" value=\"Find a job\" \/><\/div><\/form><\/div><\/div><\/div><div class='av-flex-placeholder'><\/div><div class=\"flex_column av_one_third  flex_column_table_cell av-equal-height-column av-align-top av-zero-column-padding   right-search \" style='border-radius:0px; '><section class=\"av_textblock_section\"  itemscope=\"itemscope\" itemtype=\"https:\/\/schema.org\/CreativeWork\" ><div class='avia_textblock '   itemprop=\"text\" ><p>\u00dcber neue Stellenangebote auf dem Laufenden bleiben: <a href=\"https:\/\/eedu.fa.em3.oraclecloud.com\/hcmUI\/CandidateExperience\/en\/sites\/CX_1003\/tc-join?mode=location\" class=\"right-link\" target=\"_blank\" rel=\"noopener noreferrer\">Werden Sie Teil unseres Talentnetzwerks<\/a><\/p>\n<\/div><\/section><\/div><\/div><!--close column table wrapper. Autoclose:  --><div id='layer_slider_1' class='avia-layerslider main_color avia-shadow  container_wrap fullsize'    style='height: 601px;' ><\/div><\/p>\n<div id='layer_slider_2' class='avia-layerslider main_color avia-shadow  container_wrap fullsize'    style='height: 1141px;' ><\/div>\n<\/div><\/div><\/div><!-- close content main div --><\/div><\/div><div id='av_section_2' class='avia-section main_color avia-section-no-padding avia-no-border-styling avia-bg-style-scroll  full-width faq-outer last-para-pad container_wrap fullsize'   ><div class='container' ><div class='template-page content  av-content-full alpha units'><div class='post-entry post-entry-type-page post-entry-12164'><div class='entry-content-wrapper clearfix'>\n<div class=\"togglecontainer toggle_close_all  faq-acc\">\n<section class=\"av_toggle_section\"  itemscope=\"itemscope\" itemtype=\"https:\/\/schema.org\/CreativeWork\" >    <div class=\"single_toggle\" data-tags=\"{Alle} \" >        <p data-fake-id=\"#toggle-id-1\" class=\"toggler activeTitle\"  itemprop=\"headline\" >ALLGEMEINES<span class=\"toggle_icon\">        <span class=\"vert_icon\"><\/span><span class=\"hor_icon\"><\/span><\/span><\/p>        <div id=\"toggle-id-1-container\" class=\"toggle_wrap active_tc\" >            <div class=\"toggle_content invers-color\"  itemprop=\"text\" ><div class=\"faq-main\">\n<div class=\"faq\">\n<div class=\"faq-left\"><b>Was sind die Mindestanforderungen f\u00fcr die Teilnahme am Ausbildungsprogramm?<\/b><\/div>\n<div class=\"faq-right\">Wir suchen nach Kandidaten, die mindestens drei A-Level vorweisen k\u00f6nnen (bzw. entsprechende Qualifikationen), um eine Ausbildung im Versicherungsbereich zu absolvieren, und mindestens ein B Grade in Mathematik (bzw. entsprechende Qualifikationen), um eine Ausbildung im Bereich Aktuariat zu absolvieren. Dar\u00fcber hinaus gibt es ggf. noch weitere spezifische Anforderungen. Lesen Sie die Stellenbeschreibung daher bitte sorgf\u00e4ltig durch, bevor Sie sich bewerben.<\/div>\n<\/div>\n<div class=\"faq\">\n<div class=\"faq-left\"><b>Muss ich \u00fcber eine fachspezifische Berufserfahrung verf\u00fcgen?<\/b><\/div>\n<div class=\"faq-right\">Nein.<\/div>\n<\/div>\n<div class=\"faq\">\n<div class=\"faq-left\"><b>Wie lange dauert das Ausbildungsprogramm?<\/b><\/div>\n<div class=\"faq-right\">Unsere Ausbildungsprogramme dauern 24 bis 36 Monate, abh\u00e4ngig vom f\u00fcr Sie geeigneten Ausbildungstempo.<\/div>\n<\/div>\n<div class=\"faq\">\n<div class=\"faq-left\"><b>Wann beginnt das Ausbildungsprogramm?<\/b><\/div>\n<div class=\"faq-right\">Alle Auszubilden beginnen jedes Jahr Anfang September mit ihrer Ausbildung.<\/div>\n<\/div>\n<div class=\"faq\">\n<div class=\"faq-left\"><b>Wie hoch ist mein Gehalt, wenn ich zur Teilnahme am Ausbildungsprogramm ausgew\u00e4hlt werde?<\/b><\/div>\n<div class=\"faq-right\">Wir stellen Ihnen die Gehaltsangaben zur Verf\u00fcgung, wenn Sie die Angebotsphase des Auswahlverfahrens erreicht haben. Wir bieten f\u00fcr das Ausbildungsprogramm \u00e4u\u00dferst attraktive Geh\u00e4lter sowie ein umfassendes Verg\u00fctungspaket und ein Studienprogramm (sofern f\u00fcr Ihre Rolle relevant).<\/div>\n<\/div>\n<div class=\"faq\">\n<div class=\"faq-left\"><b>Bietet Willis Towers Watson f\u00fcr Auszubildende F\u00f6rderungen f\u00fcr Visa an?<\/b><\/div>\n<div class=\"faq-right\">Leider k\u00f6nnen wir im Rahmen des Ausbildungsprogramms keine F\u00f6rderung f\u00fcr Visa anbieten.<\/div>\n<\/div>\n<div class=\"faq\">\n<div class=\"faq-left\"><b>An wen kann ich mich wenden, wenn ich eine Frage habe?<\/b><\/div>\n<div class=\"faq-right\">Setzen Sie sich per E-Mail unter <a href=\"mailto:apprenticeships@willistowerswatson.com\">apprenticeships@willistowerswatson.com<\/a> mit uns in Verbindung. Ein Mitglied unseres Apprenticeships-Teams wird Ihre Frage dann so schnell wie m\u00f6glich beantworten.<\/div>\n<\/div>\n<\/div>\n            <\/div>        <\/div>    <\/div><\/section>\n<section class=\"av_toggle_section\"  itemscope=\"itemscope\" itemtype=\"https:\/\/schema.org\/CreativeWork\" >    <div class=\"single_toggle\" data-tags=\"{Alle} \" >        <p data-fake-id=\"#toggle-id-2\" class=\"toggler \"  itemprop=\"headline\" >BEWERBUNG<span class=\"toggle_icon\">        <span class=\"vert_icon\"><\/span><span class=\"hor_icon\"><\/span><\/span><\/p>        <div id=\"toggle-id-2-container\" class=\"toggle_wrap \" >            <div class=\"toggle_content invers-color\"  itemprop=\"text\" ><div class=\"faq-main\">\n<div class=\"faq\">\n<div class=\"faq-left\"><b>Wie bewerbe ich mich um eine Stelle im Ausbildungsprogramm?<\/b><\/div>\n<div class=\"faq-right\">Wir bitten alle Kandidaten, sich \u00fcber unsere Website zu bewerben. Einzelne Bewerbungen per Post oder E-Mail werden nicht bearbeitet.<\/div>\n<\/div>\n<div class=\"faq\">\n<div class=\"faq-left\"><b>Wann kann ich meine Bewerbung einreichen?<\/b><\/div>\n<div class=\"faq-right\">Ab November. Wir stellen auf rollierender Basis ein und empfehlen Ihnen, sich baldm\u00f6glichst zu bewerben, da wir keine Anmeldungen mehr entgegennehmen, wenn alle Stellen vergeben sind.<\/div>\n<\/div>\n<div class=\"faq\">\n<div class=\"faq-left\"><b>Kann ich mich auf mehr als einen Ausbildungsplatz bewerben?<\/b><\/div>\n<div class=\"faq-right\">Nein, wir k\u00f6nnen nur eine Bewerbung pro Kandidat und Bewerbungszeitraumannehmen.<\/div>\n<\/div>\n<div class=\"faq\">\n<div class=\"faq-left\"><b>Ich m\u00f6chte wirklich f\u00fcr Willis Towers Watson arbeiten, aber ich erf\u00fclle die Mindestanforderungen nicht. Kann ich mich trotzdem bewerben?<\/b><\/div>\n<div class=\"faq-right\">Leider k\u00f6nnen wir aus Gr\u00fcnden der Fairness und Gleichbehandlung aller Bewerber keine Bewerbungen ber\u00fccksichtigen, die nicht unseren Mindestanforderungen entsprechen. M\u00f6glicherweise haben wir andere Stellen im Angebot, die Ihren Kenntnissen entsprechen. <a href=\"\/de\/job-search-results\/\">Entdecken Sie unsere Karrierem\u00f6glichkeiten<\/a><\/div>\n<\/div>\n<div class=\"faq\">\n<div class=\"faq-left\"><b>Muss ich ein Bewerbungsschreiben oder ein pers\u00f6nliches Statement einreichen?<\/b><\/div>\n<div class=\"faq-right\">Nein. Sie werden im Bewerbungsprozess um die Angabe der Einzelheiten gebeten, die Sie \u00fcblicherweise in einem Bewerbungsschreiben zur Verf\u00fcgung stellen.<\/div>\n<\/div>\n<div class=\"faq\">\n<div class=\"faq-left\"><b>Wie l\u00e4uft der Bewerbungsprozess f\u00fcr eine Stelle im Ausbildungsprogramm ab?<\/b><\/div>\n<div class=\"faq-right\">\n<p>Es gibt mehrere Stufen im Prozess, die Sie erfolgreich durchlaufen m\u00fcssen, um f\u00fcr eine Stelle in unserem Ausbildungsprogramm ber\u00fccksichtigt zu werden:<\/p>\n<div style=\"padding-top: 10px;\">Onlinebewerbung \u2192 Onlinetest \u2192 Video-Interview \u2192 Bewerbungsselektion \u2192 Assessment Center<\/div>\n<\/div>\n<\/div>\n<div class=\"faq\">\n<div class=\"faq-left\"><b>Wann halten wir unsere Assessment Center ab?<\/b><\/div>\n<div class=\"faq-right\">Die Assessment Center finden jedes Jahr zwischen Februar und Mai statt.<\/div>\n<\/div>\n<div class=\"faq\">\n<div class=\"faq-left\"><b>Ich habe die Bewerbungsfrist verpasst. Besteht die M\u00f6glichkeit, meine Bewerbung nachtr\u00e4glich einzureichen?<\/b><\/div>\n<div class=\"faq-right\">Wir sind ein wachsendes, sich st\u00e4ndig \u00e4nderndes Unternehmen. Daher empfiehlt es sich, gelegentlich die neuen Stellenangebote auf unserer Website durchzusehen. Manchmal \u00f6ffnen wir den Bewerbungsprozess f\u00fcr Ausbildungsprogramme nach Ablauf der Bewerbungsfrist erneut.<\/div>\n<\/div>\n<div class=\"faq\">\n<div class=\"faq-left\"><b>Kann ich mich erneut bewerben, wenn eine fr\u00fchere Bewerbung nicht erfolgreich war?<\/b><\/div>\n<div class=\"faq-right\">Wir begr\u00fc\u00dfen jederzeit die Bewerbung von qualifizierten Kandidaten auf alle Stellen und ziehen auch gerne fr\u00fchere Bewerber in Betracht. Wir bitten Sie jedoch, nur eine Bewerbung pro Bewerbungszeitraum und Position einzureichen. Wenn Sie sich in einer sp\u00e4teren Bewerbungsrunde erneut auf eine Stelle bewerben m\u00f6chten, m\u00fcssen Sie eine neue Bewerbung einreichen. Bitte bedenken Sie, dass Sie einen Nachweis \u00fcber die Vertiefung Ihrer Fachkenntnisse und Kompetenzen seit Ihrer urspr\u00fcnglichen Bewerbung erbringen m\u00fcssen.<\/div>\n<\/div>\n<\/div>\n            <\/div>        <\/div>    <\/div><\/section>\n<\/div>\n\n<\/div><\/div><\/div><!-- close content main div --><\/div><\/div><div id='av_section_3' class='avia-section main_color avia-section-small avia-no-border-styling avia-bg-style-scroll  afaq-bottom full-width bg-cover av-minimum-height av-minimum-height-custom container_wrap fullsize' style = 'background-repeat: no-repeat; background-image: url(https:\/\/willistowerwatson.site.findly.com\/wp-content\/uploads\/sites\/3376\/2019\/03\/app-2.jpg); background-attachment: scroll; background-position: top left; ' data-section-bg-repeat='no-repeat' ><div class='container' style='height:310px'><div class='template-page content  av-content-full alpha units'><div class='post-entry post-entry-type-page post-entry-12164'><div class='entry-content-wrapper clearfix'>\n<div class='flex_column_table av-equal-height-column-flextable' ><div class=\"flex_column av_one_full  flex_column_table_cell av-equal-height-column av-align-bottom av-zero-column-padding first   \" style='border-radius:0px; '><section class=\"av_textblock_section\"  itemscope=\"itemscope\" itemtype=\"https:\/\/schema.org\/CreativeWork\" ><div class='avia_textblock '   itemprop=\"text\" ><div class=\"pink-btn\"><a href=\"http:\/\/willistowerwatson-v2.site.findly.com\/de\/early-careers\/apprenticeships\/\">ENTDECKEN SIE UNSERE AUSBILDUNGSPROGRAMME <span><img decoding=\"async\" class=\"white-arr\" src=\"\/wp-content\/uploads\/sites\/747\/2019\/02\/Arrow-white.png\" \/><\/span><\/a><\/div>\n<\/div><\/section><\/div><\/div><!--close column table wrapper. Autoclose:  -->\n\n","protected":false},"excerpt":{"rendered":"","protected":false},"author":529,"featured_media":0,"parent":12082,"menu_order":0,"comment_status":"closed","ping_status":"closed","template":"","meta":{"pgc_meta":"","footnotes":""},"location_type":[],"class_list":["post-12164","page","type-page","status-publish","hentry"],"yoast_head":"<!-- This site is optimized with the Yoast SEO Premium plugin v23.0 (Yoast SEO v23.0) - https:\/\/yoast.com\/wordpress\/plugins\/seo\/ -->\n<title>H\u00e4ufig Gestellte Fragen (Faq) Zu Ausbildungspl\u00e4tzen - Willis Towers Watson<\/title>\n<meta name=\"description\" content=\"H\u00e4ufig Gestellte Fragen (Faq) Zu Ausbildungspl\u00e4tzen\" \/>\n<meta name=\"robots\" content=\"index, follow, max-snippet:-1, max-image-preview:large, max-video-preview:-1\" \/>\n<link rel=\"canonical\" href=\"https:\/\/careers.wtwco.com\/de\/early-careers\/apprenticeships\/apprenticeship-faqs\/\" \/>\n<meta property=\"og:locale\" content=\"de_DE\" \/>\n<meta property=\"og:type\" content=\"article\" \/>\n<meta property=\"og:title\" content=\"APPRENTICESHIP FAQs\" \/>\n<meta property=\"og:description\" content=\"H\u00e4ufig Gestellte Fragen (Faq) Zu Ausbildungspl\u00e4tzen\" \/>\n<meta property=\"og:url\" content=\"https:\/\/careers.wtwco.com\/de\/early-careers\/apprenticeships\/apprenticeship-faqs\/\" \/>\n<meta property=\"article:modified_time\" content=\"2022-12-26T06:51:29+00:00\" \/>\n<meta property=\"og:image\" content=\"https:\/\/willistowerwatson.site.findly.com\/wp-content\/uploads\/sites\/747\/2019\/02\/Arrow-white.png\" \/>\n<meta name=\"twitter:label1\" content=\"Gesch\u00e4tzte Lesezeit\" \/>\n\t<meta name=\"twitter:data1\" content=\"6\u00a0Minuten\" \/>\n<script type=\"application\/ld+json\" class=\"yoast-schema-graph\">{\"@context\":\"https:\/\/schema.org\",\"@graph\":[{\"@type\":\"WebPage\",\"@id\":\"https:\/\/careers.wtwco.com\/de\/early-careers\/apprenticeships\/apprenticeship-faqs\/\",\"url\":\"https:\/\/careers.wtwco.com\/de\/early-careers\/apprenticeships\/apprenticeship-faqs\/\",\"name\":\"H\u00e4ufig Gestellte Fragen (Faq) Zu Ausbildungspl\u00e4tzen - Willis Towers Watson\",\"isPartOf\":{\"@id\":\"https:\/\/careers.wtwco.com\/#website\"},\"datePublished\":\"2019-11-14T09:57:11+00:00\",\"dateModified\":\"2022-12-26T06:51:29+00:00\",\"description\":\"H\u00e4ufig Gestellte Fragen (Faq) Zu Ausbildungspl\u00e4tzen\",\"breadcrumb\":{\"@id\":\"https:\/\/careers.wtwco.com\/de\/early-careers\/apprenticeships\/apprenticeship-faqs\/#breadcrumb\"},\"inLanguage\":\"de\",\"potentialAction\":[{\"@type\":\"ReadAction\",\"target\":[\"https:\/\/careers.wtwco.com\/de\/early-careers\/apprenticeships\/apprenticeship-faqs\/\"]}]},{\"@type\":\"BreadcrumbList\",\"@id\":\"https:\/\/careers.wtwco.com\/de\/early-careers\/apprenticeships\/apprenticeship-faqs\/#breadcrumb\",\"itemListElement\":[{\"@type\":\"ListItem\",\"position\":1,\"name\":\"Home\",\"item\":\"https:\/\/careers.wtwco.com\/de\/\"},{\"@type\":\"ListItem\",\"position\":2,\"name\":\"Early Careers\",\"item\":\"https:\/\/careers.wtwco.com\/de\/early-careers\/\"},{\"@type\":\"ListItem\",\"position\":3,\"name\":\"APPRENTICESHIPS\",\"item\":\"https:\/\/careers.wtwco.com\/de\/early-careers\/apprenticeships\/\"},{\"@type\":\"ListItem\",\"position\":4,\"name\":\"APPRENTICESHIP FAQs\"}]},{\"@type\":\"WebSite\",\"@id\":\"https:\/\/careers.wtwco.com\/#website\",\"url\":\"https:\/\/careers.wtwco.com\/\",\"name\":\"\",\"description\":\"ibee Demo Site\",\"potentialAction\":[{\"@type\":\"SearchAction\",\"target\":{\"@type\":\"EntryPoint\",\"urlTemplate\":\"https:\/\/careers.wtwco.com\/?s={search_term_string}\"},\"query-input\":\"required name=search_term_string\"}],\"inLanguage\":\"de\"}]}<\/script>\n<!-- \/ Yoast SEO Premium plugin. -->","yoast_head_json":{"title":"H\u00e4ufig Gestellte Fragen (Faq) Zu Ausbildungspl\u00e4tzen - Willis Towers Watson","description":"H\u00e4ufig Gestellte Fragen (Faq) Zu Ausbildungspl\u00e4tzen","robots":{"index":"index","follow":"follow","max-snippet":"max-snippet:-1","max-image-preview":"max-image-preview:large","max-video-preview":"max-video-preview:-1"},"canonical":"https:\/\/careers.wtwco.com\/de\/early-careers\/apprenticeships\/apprenticeship-faqs\/","og_locale":"de_DE","og_type":"article","og_title":"APPRENTICESHIP FAQs","og_description":"H\u00e4ufig Gestellte Fragen (Faq) Zu Ausbildungspl\u00e4tzen","og_url":"https:\/\/careers.wtwco.com\/de\/early-careers\/apprenticeships\/apprenticeship-faqs\/","article_modified_time":"2022-12-26T06:51:29+00:00","og_image":[{"url":"https:\/\/willistowerwatson.site.findly.com\/wp-content\/uploads\/sites\/747\/2019\/02\/Arrow-white.png"}],"twitter_misc":{"Gesch\u00e4tzte Lesezeit":"6\u00a0Minuten"},"schema":{"@context":"https:\/\/schema.org","@graph":[{"@type":"WebPage","@id":"https:\/\/careers.wtwco.com\/de\/early-careers\/apprenticeships\/apprenticeship-faqs\/","url":"https:\/\/careers.wtwco.com\/de\/early-careers\/apprenticeships\/apprenticeship-faqs\/","name":"H\u00e4ufig Gestellte Fragen (Faq) Zu Ausbildungspl\u00e4tzen - Willis Towers Watson","isPartOf":{"@id":"https:\/\/careers.wtwco.com\/#website"},"datePublished":"2019-11-14T09:57:11+00:00","dateModified":"2022-12-26T06:51:29+00:00","description":"H\u00e4ufig Gestellte Fragen (Faq) Zu Ausbildungspl\u00e4tzen","breadcrumb":{"@id":"https:\/\/careers.wtwco.com\/de\/early-careers\/apprenticeships\/apprenticeship-faqs\/#breadcrumb"},"inLanguage":"de","potentialAction":[{"@type":"ReadAction","target":["https:\/\/careers.wtwco.com\/de\/early-careers\/apprenticeships\/apprenticeship-faqs\/"]}]},{"@type":"BreadcrumbList","@id":"https:\/\/careers.wtwco.com\/de\/early-careers\/apprenticeships\/apprenticeship-faqs\/#breadcrumb","itemListElement":[{"@type":"ListItem","position":1,"name":"Home","item":"https:\/\/careers.wtwco.com\/de\/"},{"@type":"ListItem","position":2,"name":"Early Careers","item":"https:\/\/careers.wtwco.com\/de\/early-careers\/"},{"@type":"ListItem","position":3,"name":"APPRENTICESHIPS","item":"https:\/\/careers.wtwco.com\/de\/early-careers\/apprenticeships\/"},{"@type":"ListItem","position":4,"name":"APPRENTICESHIP FAQs"}]},{"@type":"WebSite","@id":"https:\/\/careers.wtwco.com\/#website","url":"https:\/\/careers.wtwco.com\/","name":"","description":"ibee Demo Site","potentialAction":[{"@type":"SearchAction","target":{"@type":"EntryPoint","urlTemplate":"https:\/\/careers.wtwco.com\/?s={search_term_string}"},"query-input":"required name=search_term_string"}],"inLanguage":"de"}]}},"pgc_meta":"","_links":{"self":[{"href":"https:\/\/willistowerwatson.site.findly.com\/de\/wp-json\/wp\/v2\/pages\/12164","targetHints":{"allow":["GET"]}}],"collection":[{"href":"https:\/\/willistowerwatson.site.findly.com\/de\/wp-json\/wp\/v2\/pages"}],"about":[{"href":"https:\/\/willistowerwatson.site.findly.com\/de\/wp-json\/wp\/v2\/types\/page"}],"author":[{"embeddable":true,"href":"https:\/\/willistowerwatson.site.findly.com\/de\/wp-json\/wp\/v2\/users\/529"}],"replies":[{"embeddable":true,"href":"https:\/\/willistowerwatson.site.findly.com\/de\/wp-json\/wp\/v2\/comments?post=12164"}],"version-history":[{"count":3,"href":"https:\/\/willistowerwatson.site.findly.com\/de\/wp-json\/wp\/v2\/pages\/12164\/revisions"}],"predecessor-version":[{"id":29546,"href":"https:\/\/willistowerwatson.site.findly.com\/de\/wp-json\/wp\/v2\/pages\/12164\/revisions\/29546"}],"up":[{"embeddable":true,"href":"https:\/\/willistowerwatson.site.findly.com\/de\/wp-json\/wp\/v2\/pages\/12082"}],"wp:attachment":[{"href":"https:\/\/willistowerwatson.site.findly.com\/de\/wp-json\/wp\/v2\/media?parent=12164"}],"wp:term":[{"taxonomy":"location_type","embeddable":true,"href":"https:\/\/willistowerwatson.site.findly.com\/de\/wp-json\/wp\/v2\/location_type?post=12164"}],"curies":[{"name":"wp","href":"https:\/\/api.w.org\/{rel}","templated":true}]}}