{"id":13348,"date":"2019-11-20T13:46:11","date_gmt":"2019-11-20T13:46:11","guid":{"rendered":"http:\/\/willistowerwatson-v2.site.findly.com\/?page_id=13348\/"},"modified":"2022-12-26T07:45:23","modified_gmt":"2022-12-26T07:45:23","slug":"apprenticeship-faqs","status":"publish","type":"page","link":"https:\/\/willistowerwatson.site.findly.com\/es\/early-careers\/apprenticeships\/apprenticeship-faqs\/","title":{"rendered":"APPRENTICESHIP FAQs"},"content":{"rendered":"<\/div><\/div><\/div><!-- close content main div --><\/div><\/div><div id='av_section_1' class='avia-section main_color avia-section-small avia-no-border-styling avia-bg-style-scroll  search-banner new-search container_wrap fullsize'   ><div class='container' ><div class='template-page content  av-content-full alpha units'><div class='post-entry post-entry-type-page post-entry-13348'><div class='entry-content-wrapper clearfix'>\n<div class='flex_column_table av-equal-height-column-flextable' ><div class=\"flex_column av_two_third  flex_column_table_cell av-equal-height-column av-align-top av-zero-column-padding first   \" style='border-radius:0px; '><div class='avia-builder-widget-area clearfix '><div id=\"widget_job_search_v2-3\" class=\"widget clearfix widget-jobsearch widget-jobsearch-v2\"><form method=\"GET\" id=\"cws_quickjobsearch\" role=\"search\" class=\"clearfix g-cols offset_medium\" action=\"\/es\/job-search-results\/\"><div class=\"quicksearch-field quicksearch-SearchText first avia-builder-el-first  flex_column av_one_half horizontal\"><div class=\"w-form-row\"><div class=\"w-form-row-label\"><label for=\"cws_quickjobsearch_keywords\">Job Title or Category<\/label><\/div><div class=\"w-form-row-field\"><input type=\"text\" class=\"text_input keyword_suggest\" name=\"keyword\" id=\"cws_quickjobsearch_keywords\" data-autocomplete_limit=\"5\" placeholder=\"Job Title or Category\"  data-param=\"SearchText\" aria-describedby=\"keyword-help\" value=\"\" \/><span id=\"keyword-help\" class=\"visually-hidden sr-only\" aria-live=\"polite\">Begin typing to find suggestions.<\/span><span class=\"w-form-row-field-bar\"><\/span><\/div><input type=\"hidden\" name=\"fuzzy\" id=\"cws_quickjobsearch_fuzzy\" data-param=\"fuzzy\" value=\"\" \/><\/div><\/div><div class=\"quicksearch-btn avia-builder-el-last flex_column av_one_half\"><input class=\"avia-button avia-color-theme-color avia-size-small quicksearch-submit\" type=\"submit\" value=\"Find a job\" \/><\/div><\/form><\/div><\/div><\/div><div class='av-flex-placeholder'><\/div><div class=\"flex_column av_one_third  flex_column_table_cell av-equal-height-column av-align-top av-zero-column-padding   right-search \" style='border-radius:0px; '><section class=\"av_textblock_section\"  itemscope=\"itemscope\" itemtype=\"https:\/\/schema.org\/CreativeWork\" ><div class='avia_textblock '   itemprop=\"text\" ><p>Para estar informado sobre nuestras oportunidades de empleo: <a href=\"https:\/\/eedu.fa.em3.oraclecloud.com\/hcmUI\/CandidateExperience\/en\/sites\/CX_1003\/tc-join?mode=location\" class=\"right-link\" target=\"_blank\" rel=\"noopener noreferrer\">\u00danete a nuestra Red de talentos<\/a><\/p>\n<\/div><\/section><\/div><\/div><!--close column table wrapper. Autoclose:  --><div id='layer_slider_1' class='avia-layerslider main_color avia-shadow  container_wrap fullsize'    style='height: 601px;' ><\/div><\/p>\n<div id='layer_slider_2' class='avia-layerslider main_color avia-shadow  container_wrap fullsize'    style='height: 1141px;' ><\/div>\n<\/div><\/div><\/div><!-- close content main div --><\/div><\/div><div id='av_section_2' class='avia-section main_color avia-section-no-padding avia-no-border-styling avia-bg-style-scroll  full-width faq-outer last-para-pad container_wrap fullsize'   ><div class='container' ><div class='template-page content  av-content-full alpha units'><div class='post-entry post-entry-type-page post-entry-13348'><div class='entry-content-wrapper clearfix'>\n<div class=\"togglecontainer toggle_close_all  faq-acc\">\n<section class=\"av_toggle_section\"  itemscope=\"itemscope\" itemtype=\"https:\/\/schema.org\/CreativeWork\" >    <div class=\"single_toggle\" data-tags=\"{Todo} \" >        <p data-fake-id=\"#toggle-id-1\" class=\"toggler activeTitle\"  itemprop=\"headline\" >GENERAL<span class=\"toggle_icon\">        <span class=\"vert_icon\"><\/span><span class=\"hor_icon\"><\/span><\/span><\/p>        <div id=\"toggle-id-1-container\" class=\"toggle_wrap active_tc\" >            <div class=\"toggle_content invers-color\"  itemprop=\"text\" ><div class=\"faq-main\">\n<div class=\"faq\">\n<div class=\"faq-left\"><b>\u00bfCu\u00e1les son los requisitos m\u00ednimos para el Programa de formaci\u00f3n?<\/b><\/div>\n<div class=\"faq-right\">Generalmente buscamos candidatos\/as con un m\u00ednimo de 3 Niveles A (o calificaciones equivalentes) para nuestro Programa de formaci\u00f3n de Seguros y por lo menos una calificaci\u00f3n de B en matem\u00e1tica (o calificaciones equivalentes) para nuestro Programa de formaci\u00f3n actuarial. Sin embargo, puede haber otros requisitos espec\u00edficos, por lo que te pedimos que leas atentamente la descripci\u00f3n del puesto antes de solicitarlo.<\/div>\n<\/div>\n<div class=\"faq\">\n<div class=\"faq-left\"><b>\u00bfDebo tener alguna experiencia laboral relevante?<\/b><\/div>\n<div class=\"faq-right\">No.<\/div>\n<\/div>\n<div class=\"faq\">\n<div class=\"faq-left\"><b>\u00bfCu\u00e1nto dura el Programa de formaci\u00f3n?<\/b><\/div>\n<div class=\"faq-right\">Nuestros programas de formaci\u00f3n profesional duran de 24 a 36 meses, seg\u00fan el ritmo en el que sea m\u00e1s c\u00f3modo para ti avanzar.<\/div>\n<\/div>\n<div class=\"faq\">\n<div class=\"faq-left\"><b>\u00bfCu\u00e1l es la fecha de inicio de los programas de formaci\u00f3n?<\/b><\/div>\n<div class=\"faq-right\">Todos nuestros aprendices empiezan a trabajar con nosotros a principios de septiembre de cada a\u00f1o.<\/div>\n<\/div>\n<div class=\"faq\">\n<div class=\"faq-left\"><b>\u00bfCu\u00e1nto ganar\u00e9 si tengo \u00e9xito al participar en el Programa de formaci\u00f3n?<\/b><\/div>\n<div class=\"faq-right\">La informaci\u00f3n salarial se proporciona cuando llegamos a la etapa de propuesta laboral del proceso de selecci\u00f3n. De todas formas, podemos confirmar que nuestros salarios para el Programa de formaci\u00f3n son altamente competitivos e incluyen un paquete completo de beneficios y un programa de estudios (cuando sea relevante para tu puesto).<\/div>\n<\/div>\n<div class=\"faq\">\n<div class=\"faq-left\"><b>\u00bfWillis Towers Watson ofrece patrocinio de visas para aprendices?<\/b><\/div>\n<div class=\"faq-right\">Desafortunadamente no podemos ofrecer patrocinios de visa para el Programa de formaci\u00f3n.<\/div>\n<\/div>\n<div class=\"faq\">\n<div class=\"faq-left\"><b>\u00bfCon qui\u00e9n me comunico si tengo alguna pregunta?<\/b><\/div>\n<div class=\"faq-right\">Env\u00eda un correo electr\u00f3nico a <a href=\"mailto:apprenticeships@willistowerswatson.com\">apprenticeships@willistowerswatson.com<\/a>, y un miembro de nuestro equipo de formaci\u00f3n responder\u00e1 tu consulta lo antes posible.<\/div>\n<\/div>\n<\/div>\n            <\/div>        <\/div>    <\/div><\/section>\n<section class=\"av_toggle_section\"  itemscope=\"itemscope\" itemtype=\"https:\/\/schema.org\/CreativeWork\" >    <div class=\"single_toggle\" data-tags=\"{Todo} \" >        <p data-fake-id=\"#toggle-id-2\" class=\"toggler \"  itemprop=\"headline\" >APLICACI\u00d3N<span class=\"toggle_icon\">        <span class=\"vert_icon\"><\/span><span class=\"hor_icon\"><\/span><\/span><\/p>        <div id=\"toggle-id-2-container\" class=\"toggle_wrap \" >            <div class=\"toggle_content invers-color\"  itemprop=\"text\" ><div class=\"faq-main\">\n<div class=\"faq\">\n<div class=\"faq-left\"><b>\u00bfC\u00f3mo aplico para el Programa de formaci\u00f3n?<\/b><\/div>\n<div class=\"faq-right\">Les pedimos a todos nuestros candidatos que presenten su aplicaci\u00f3n en l\u00ednea a trav\u00e9s de nuestra p\u00e1gina web. No recibimos CV y cartas de presentaci\u00f3n enviadas por correo postal o electr\u00f3nico.<\/div>\n<\/div>\n<div class=\"faq\">\n<div class=\"faq-left\"><b>\u00bfCu\u00e1ndo puedo presentar una aplicaci\u00f3n?<\/b><\/div>\n<div class=\"faq-right\">A partir de noviembre. Seleccionamos personal de manera c\u00edclica, por lo que te sugerimos presentes tu aplicaci\u00f3n lo antes posible ya que podr\u00edamos cerrar el per\u00edodo de aplicaciones antes de fecha si llen\u00e1ramos todas nuestras vacantes.<\/div>\n<\/div>\n<div class=\"faq\">\n<div class=\"faq-left\"><b>\u00bfPuedo aplicar a m\u00e1s de un Programa de formaci\u00f3n?<\/b><\/div>\n<div class=\"faq-right\">No, solo consideraremos una aplicaci\u00f3n por candidato por cada ciclo de selecci\u00f3n.<\/div>\n<\/div>\n<div class=\"faq\">\n<div class=\"faq-left\"><b>Deseo verdaderamente trabajar para Willis Towers Watson pero no cumplo con los requisitos m\u00ednimos, \u00bfa\u00fan as\u00ed puedo aplicar?<\/b><\/div>\n<div class=\"faq-right\">Lamentablemente no podemos dar curso a aplicaciones que no cumplan con los requisitos m\u00ednimos, ya que debemos ser justos y coherentes con todos los candidatos que se presentan. No obstante ello, podr\u00edamos tener otros puestos que se ajusten a tu perfil. <a href=\"\/es\/job-search-results\/\">Conoce nuestras oportunidades laborales<\/a><\/div>\n<\/div>\n<div class=\"faq\">\n<div class=\"faq-left\"><b>\u00bfDebo presentar una carta de presentaci\u00f3n o una declaraci\u00f3n personal?<\/b><\/div>\n<div class=\"faq-right\">No. Se te solicitar\u00e1 que proporciones los detalles que normalmente incluir\u00edas en tu carta de presentaci\u00f3n o declaraci\u00f3n personal como parte del proceso de aplicaci\u00f3n.<\/div>\n<\/div>\n<div class=\"faq\">\n<div class=\"faq-left\"><b>\u00bfC\u00f3mo es el proceso de aplicaci\u00f3n del Programa de formaci\u00f3n?<\/b><\/div>\n<div class=\"faq-right\">\n<p>Hay varias etapas por las que debes pasar para completar una aplicaci\u00f3n adecuada para uno de nuestros Programas de formaci\u00f3n:<\/p>\n<div style=\"padding-top: 10px;\">Presentar aplicaci\u00f3n en l\u00ednea \u2192 Prueba en l\u00ednea \u2192 Entrevista en video \u2192 Revisi\u00f3n de CV \u2192 Centro de evaluaci\u00f3n<\/div>\n<\/div>\n<\/div>\n<div class=\"faq\">\n<div class=\"faq-left\"><b>\u00bfCu\u00e1ndo tendr\u00e1n lugar los Centros de evaluaci\u00f3n?<\/b><\/div>\n<div class=\"faq-right\">Llevamos a cabo nuestros Centros de evaluaci\u00f3n entre febrero y mayo de cada a\u00f1o.<\/div>\n<\/div>\n<div class=\"faq\">\n<div class=\"faq-left\"><b>Estoy fuera de la fecha de presentaci\u00f3n de aplicaciones. \u00bfExiste la posibilidad de que a\u00fan as\u00ed reciban mi aplicaci\u00f3n?<\/b><\/div>\n<div class=\"faq-right\">Somos una empresa en constante crecimiento y cambio, por lo que siempre conviene estar atentos a nuestro sitio web para ver si hay nuevas oportunidades. A veces podemos incluso reabrir aplicaciones para programas de formaci\u00f3n despu\u00e9s de pasada la fecha l\u00edmite original.<\/div>\n<\/div>\n<div class=\"faq\">\n<div class=\"faq-left\"><b>\u00bfPuedo aplicar otra vez si no tuve \u00e9xito en una aplicaci\u00f3n anterior?<\/b><\/div>\n<div class=\"faq-right\">Siempre le damos la bienvenida a candidatos cualificados para cualquier puesto, y nos agrada tener en cuenta a personas que hayan presentado aplicaciones anteriormente. Te solicitamos, no obstante, que solo presentes una aplicaci\u00f3n por puesto y por ciclo de selecci\u00f3n. Si deseas volver a aplicar a un puesto durante el ciclo siguiente, deber\u00e1s demostrar de qu\u00e9 manera has ampliado tu experiencia y tus habilidades desde que presentaste tu aplicaci\u00f3n original.<\/div>\n<\/div>\n<\/div>\n            <\/div>        <\/div>    <\/div><\/section>\n<\/div>\n\n<\/div><\/div><\/div><!-- close content main div --><\/div><\/div><div id='av_section_3' class='avia-section main_color avia-section-small avia-no-border-styling avia-bg-style-scroll  afaq-bottom full-width bg-cover av-minimum-height av-minimum-height-custom container_wrap fullsize' style = 'background-repeat: no-repeat; background-image: url(https:\/\/willistowerwatson.site.findly.com\/wp-content\/uploads\/sites\/3376\/2019\/03\/app-2.jpg); background-attachment: scroll; background-position: top left; ' data-section-bg-repeat='no-repeat' ><div class='container' style='height:310px'><div class='template-page content  av-content-full alpha units'><div class='post-entry post-entry-type-page post-entry-13348'><div class='entry-content-wrapper clearfix'>\n<div class='flex_column_table av-equal-height-column-flextable' ><div class=\"flex_column av_one_full  flex_column_table_cell av-equal-height-column av-align-bottom av-zero-column-padding first   \" style='border-radius:0px; '><section class=\"av_textblock_section\"  itemscope=\"itemscope\" itemtype=\"https:\/\/schema.org\/CreativeWork\" ><div class='avia_textblock '   itemprop=\"text\" ><div class=\"pink-btn\"><a href=\"\/es\/early-careers\/apprenticeships\/\">CONOCE NUESTROS PROGRAMAS DE FORMACI\u00d3N <span><img decoding=\"async\" class=\"white-arr\" src=\"\/wp-content\/uploads\/sites\/747\/2019\/02\/Arrow-white.png\" \/><\/span><\/a><\/div>\n<\/div><\/section><\/div><\/div><!--close column table wrapper. Autoclose:  -->\n\n","protected":false},"excerpt":{"rendered":"","protected":false},"author":532,"featured_media":0,"parent":13343,"menu_order":0,"comment_status":"closed","ping_status":"closed","template":"","meta":{"pgc_meta":"","footnotes":""},"location_type":[],"class_list":["post-13348","page","type-page","status-publish","hentry"],"yoast_head":"<!-- This site is optimized with the Yoast SEO Premium plugin v23.0 (Yoast SEO v23.0) - https:\/\/yoast.com\/wordpress\/plugins\/seo\/ -->\n<title>Programas De Formaci\u00f3n: Preguntas Frecuentes - Willis Towers Watson<\/title>\n<meta name=\"description\" content=\"Programas De Formaci\u00f3n: Preguntas Frecuentes\" \/>\n<meta name=\"robots\" content=\"index, follow, max-snippet:-1, max-image-preview:large, max-video-preview:-1\" \/>\n<link rel=\"canonical\" href=\"https:\/\/careers.wtwco.com\/es\/early-careers\/apprenticeships\/apprenticeship-faqs\/\" \/>\n<meta property=\"og:locale\" content=\"es_ES\" \/>\n<meta property=\"og:type\" content=\"article\" \/>\n<meta property=\"og:title\" content=\"APPRENTICESHIP FAQs\" \/>\n<meta property=\"og:description\" content=\"Programas De Formaci\u00f3n: Preguntas Frecuentes\" \/>\n<meta property=\"og:url\" content=\"https:\/\/careers.wtwco.com\/es\/early-careers\/apprenticeships\/apprenticeship-faqs\/\" \/>\n<meta property=\"article:modified_time\" content=\"2022-12-26T07:45:23+00:00\" \/>\n<meta property=\"og:image\" content=\"https:\/\/willistowerwatson.site.findly.com\/wp-content\/uploads\/sites\/747\/2019\/02\/Arrow-white.png\" \/>\n<meta name=\"twitter:label1\" content=\"Tiempo de lectura\" \/>\n\t<meta name=\"twitter:data1\" content=\"6 minutos\" \/>\n<script type=\"application\/ld+json\" class=\"yoast-schema-graph\">{\"@context\":\"https:\/\/schema.org\",\"@graph\":[{\"@type\":\"WebPage\",\"@id\":\"https:\/\/careers.wtwco.com\/es\/early-careers\/apprenticeships\/apprenticeship-faqs\/\",\"url\":\"https:\/\/careers.wtwco.com\/es\/early-careers\/apprenticeships\/apprenticeship-faqs\/\",\"name\":\"Programas De Formaci\u00f3n: Preguntas Frecuentes - Willis Towers Watson\",\"isPartOf\":{\"@id\":\"https:\/\/careers.wtwco.com\/#website\"},\"datePublished\":\"2019-11-20T13:46:11+00:00\",\"dateModified\":\"2022-12-26T07:45:23+00:00\",\"description\":\"Programas De Formaci\u00f3n: Preguntas Frecuentes\",\"breadcrumb\":{\"@id\":\"https:\/\/careers.wtwco.com\/es\/early-careers\/apprenticeships\/apprenticeship-faqs\/#breadcrumb\"},\"inLanguage\":\"es\",\"potentialAction\":[{\"@type\":\"ReadAction\",\"target\":[\"https:\/\/careers.wtwco.com\/es\/early-careers\/apprenticeships\/apprenticeship-faqs\/\"]}]},{\"@type\":\"BreadcrumbList\",\"@id\":\"https:\/\/careers.wtwco.com\/es\/early-careers\/apprenticeships\/apprenticeship-faqs\/#breadcrumb\",\"itemListElement\":[{\"@type\":\"ListItem\",\"position\":1,\"name\":\"Home\",\"item\":\"https:\/\/careers.wtwco.com\/es\/\"},{\"@type\":\"ListItem\",\"position\":2,\"name\":\"Early Careers\",\"item\":\"https:\/\/careers.wtwco.com\/es\/early-careers\/\"},{\"@type\":\"ListItem\",\"position\":3,\"name\":\"APPRENTICESHIPS\",\"item\":\"https:\/\/careers.wtwco.com\/es\/early-careers\/apprenticeships\/\"},{\"@type\":\"ListItem\",\"position\":4,\"name\":\"APPRENTICESHIP FAQs\"}]},{\"@type\":\"WebSite\",\"@id\":\"https:\/\/careers.wtwco.com\/#website\",\"url\":\"https:\/\/careers.wtwco.com\/\",\"name\":\"\",\"description\":\"ibee Demo Site\",\"potentialAction\":[{\"@type\":\"SearchAction\",\"target\":{\"@type\":\"EntryPoint\",\"urlTemplate\":\"https:\/\/careers.wtwco.com\/?s={search_term_string}\"},\"query-input\":\"required name=search_term_string\"}],\"inLanguage\":\"es\"}]}<\/script>\n<!-- \/ Yoast SEO Premium plugin. -->","yoast_head_json":{"title":"Programas De Formaci\u00f3n: Preguntas Frecuentes - Willis Towers Watson","description":"Programas De Formaci\u00f3n: Preguntas Frecuentes","robots":{"index":"index","follow":"follow","max-snippet":"max-snippet:-1","max-image-preview":"max-image-preview:large","max-video-preview":"max-video-preview:-1"},"canonical":"https:\/\/careers.wtwco.com\/es\/early-careers\/apprenticeships\/apprenticeship-faqs\/","og_locale":"es_ES","og_type":"article","og_title":"APPRENTICESHIP FAQs","og_description":"Programas De Formaci\u00f3n: Preguntas Frecuentes","og_url":"https:\/\/careers.wtwco.com\/es\/early-careers\/apprenticeships\/apprenticeship-faqs\/","article_modified_time":"2022-12-26T07:45:23+00:00","og_image":[{"url":"https:\/\/willistowerwatson.site.findly.com\/wp-content\/uploads\/sites\/747\/2019\/02\/Arrow-white.png"}],"twitter_misc":{"Tiempo de lectura":"6 minutos"},"schema":{"@context":"https:\/\/schema.org","@graph":[{"@type":"WebPage","@id":"https:\/\/careers.wtwco.com\/es\/early-careers\/apprenticeships\/apprenticeship-faqs\/","url":"https:\/\/careers.wtwco.com\/es\/early-careers\/apprenticeships\/apprenticeship-faqs\/","name":"Programas De Formaci\u00f3n: Preguntas Frecuentes - Willis Towers Watson","isPartOf":{"@id":"https:\/\/careers.wtwco.com\/#website"},"datePublished":"2019-11-20T13:46:11+00:00","dateModified":"2022-12-26T07:45:23+00:00","description":"Programas De Formaci\u00f3n: Preguntas Frecuentes","breadcrumb":{"@id":"https:\/\/careers.wtwco.com\/es\/early-careers\/apprenticeships\/apprenticeship-faqs\/#breadcrumb"},"inLanguage":"es","potentialAction":[{"@type":"ReadAction","target":["https:\/\/careers.wtwco.com\/es\/early-careers\/apprenticeships\/apprenticeship-faqs\/"]}]},{"@type":"BreadcrumbList","@id":"https:\/\/careers.wtwco.com\/es\/early-careers\/apprenticeships\/apprenticeship-faqs\/#breadcrumb","itemListElement":[{"@type":"ListItem","position":1,"name":"Home","item":"https:\/\/careers.wtwco.com\/es\/"},{"@type":"ListItem","position":2,"name":"Early Careers","item":"https:\/\/careers.wtwco.com\/es\/early-careers\/"},{"@type":"ListItem","position":3,"name":"APPRENTICESHIPS","item":"https:\/\/careers.wtwco.com\/es\/early-careers\/apprenticeships\/"},{"@type":"ListItem","position":4,"name":"APPRENTICESHIP FAQs"}]},{"@type":"WebSite","@id":"https:\/\/careers.wtwco.com\/#website","url":"https:\/\/careers.wtwco.com\/","name":"","description":"ibee Demo Site","potentialAction":[{"@type":"SearchAction","target":{"@type":"EntryPoint","urlTemplate":"https:\/\/careers.wtwco.com\/?s={search_term_string}"},"query-input":"required name=search_term_string"}],"inLanguage":"es"}]}},"pgc_meta":"","_links":{"self":[{"href":"https:\/\/willistowerwatson.site.findly.com\/es\/wp-json\/wp\/v2\/pages\/13348","targetHints":{"allow":["GET"]}}],"collection":[{"href":"https:\/\/willistowerwatson.site.findly.com\/es\/wp-json\/wp\/v2\/pages"}],"about":[{"href":"https:\/\/willistowerwatson.site.findly.com\/es\/wp-json\/wp\/v2\/types\/page"}],"author":[{"embeddable":true,"href":"https:\/\/willistowerwatson.site.findly.com\/es\/wp-json\/wp\/v2\/users\/532"}],"replies":[{"embeddable":true,"href":"https:\/\/willistowerwatson.site.findly.com\/es\/wp-json\/wp\/v2\/comments?post=13348"}],"version-history":[{"count":3,"href":"https:\/\/willistowerwatson.site.findly.com\/es\/wp-json\/wp\/v2\/pages\/13348\/revisions"}],"predecessor-version":[{"id":29658,"href":"https:\/\/willistowerwatson.site.findly.com\/es\/wp-json\/wp\/v2\/pages\/13348\/revisions\/29658"}],"up":[{"embeddable":true,"href":"https:\/\/willistowerwatson.site.findly.com\/es\/wp-json\/wp\/v2\/pages\/13343"}],"wp:attachment":[{"href":"https:\/\/willistowerwatson.site.findly.com\/es\/wp-json\/wp\/v2\/media?parent=13348"}],"wp:term":[{"taxonomy":"location_type","embeddable":true,"href":"https:\/\/willistowerwatson.site.findly.com\/es\/wp-json\/wp\/v2\/location_type?post=13348"}],"curies":[{"name":"wp","href":"https:\/\/api.w.org\/{rel}","templated":true}]}}