{"id":13751,"date":"2019-11-22T08:50:26","date_gmt":"2019-11-22T08:50:26","guid":{"rendered":"http:\/\/willistowerwatson-v2.site.findly.com\/?page_id=13751\/"},"modified":"2022-12-26T07:49:49","modified_gmt":"2022-12-26T07:49:49","slug":"hints-and-tips","status":"publish","type":"page","link":"https:\/\/willistowerwatson.site.findly.com\/es\/hints-and-tips\/","title":{"rendered":"Hints and Tips"},"content":{"rendered":"<\/div><\/div><\/div><!-- close content main div --><\/div><\/div><div id='av_section_1' class='avia-section main_color avia-section-small avia-no-border-styling avia-bg-style-scroll  search-banner new-search container_wrap fullsize'   ><div class='container' ><div class='template-page content  av-content-full alpha units'><div class='post-entry post-entry-type-page post-entry-13751'><div class='entry-content-wrapper clearfix'>\n<div class='flex_column_table av-equal-height-column-flextable' ><div class=\"flex_column av_two_third  flex_column_table_cell av-equal-height-column av-align-top av-zero-column-padding first   \" style='border-radius:0px; '><div class='avia-builder-widget-area clearfix '><div id=\"widget_job_search_v2-3\" class=\"widget clearfix widget-jobsearch widget-jobsearch-v2\"><form method=\"GET\" id=\"cws_quickjobsearch\" role=\"search\" class=\"clearfix g-cols offset_medium\" action=\"\/es\/job-search-results\/\"><div class=\"quicksearch-field quicksearch-SearchText first avia-builder-el-first  flex_column av_one_half horizontal\"><div class=\"w-form-row\"><div class=\"w-form-row-label\"><label for=\"cws_quickjobsearch_keywords\">Job Title or Category<\/label><\/div><div class=\"w-form-row-field\"><input type=\"text\" class=\"text_input keyword_suggest\" name=\"keyword\" id=\"cws_quickjobsearch_keywords\" data-autocomplete_limit=\"5\" placeholder=\"Job Title or Category\"  data-param=\"SearchText\" aria-describedby=\"keyword-help\" value=\"\" \/><span id=\"keyword-help\" class=\"visually-hidden sr-only\" aria-live=\"polite\">Begin typing to find suggestions.<\/span><span class=\"w-form-row-field-bar\"><\/span><\/div><input type=\"hidden\" name=\"fuzzy\" id=\"cws_quickjobsearch_fuzzy\" data-param=\"fuzzy\" value=\"\" \/><\/div><\/div><div class=\"quicksearch-btn avia-builder-el-last flex_column av_one_half\"><input class=\"avia-button avia-color-theme-color avia-size-small quicksearch-submit\" type=\"submit\" value=\"Find a job\" \/><\/div><\/form><\/div><\/div><\/div><div class='av-flex-placeholder'><\/div><div class=\"flex_column av_one_third  flex_column_table_cell av-equal-height-column av-align-top av-zero-column-padding   right-search \" style='border-radius:0px; '><section class=\"av_textblock_section\"  itemscope=\"itemscope\" itemtype=\"https:\/\/schema.org\/CreativeWork\" ><div class='avia_textblock '   itemprop=\"text\" ><p>Para estar informado sobre nuestras oportunidades de empleo: <a href=\"https:\/\/eedu.fa.em3.oraclecloud.com\/hcmUI\/CandidateExperience\/en\/sites\/CX_1003\/tc-join?mode=location\" class=\"right-link\" target=\"_blank\" rel=\"noopener noreferrer\">\u00danete a nuestra Red de talentos<\/a><\/p>\n<\/div><\/section><\/div><\/div><!--close column table wrapper. Autoclose:  --><div id='layer_slider_1' class='avia-layerslider main_color avia-shadow  container_wrap fullsize'    style='height: 601px;' ><\/div><\/p>\n<div id='layer_slider_2' class='avia-layerslider main_color avia-shadow  container_wrap fullsize'    style='height: 1141px;' ><\/div>\n<\/div><\/div><\/div><!-- close content main div --><\/div><\/div><div id='av_section_2' class='avia-section main_color avia-section-no-padding avia-no-border-styling avia-bg-style-scroll  full-width faq-outer extra-bot-space container_wrap fullsize'   ><div class='container' ><div class='template-page content  av-content-full alpha units'><div class='post-entry post-entry-type-page post-entry-13751'><div class='entry-content-wrapper clearfix'>\n<div class=\"togglecontainer toggle_close_all  faq-acc hint-acc\">\n<section class=\"av_toggle_section\"  itemscope=\"itemscope\" itemtype=\"https:\/\/schema.org\/CreativeWork\" >    <div class=\"single_toggle\" data-tags=\"{Todo} \" >        <p data-fake-id=\"#toggle-id-1\" class=\"toggler activeTitle\"  itemprop=\"headline\" >CONSEJOS Y SUGERENCIAS PARA <strong><u>LA ENTREVISTA<\/u><\/strong><span class=\"toggle_icon\">        <span class=\"vert_icon\"><\/span><span class=\"hor_icon\"><\/span><\/span><\/p>        <div id=\"toggle-id-1-container\" class=\"toggle_wrap active_tc\" >            <div class=\"toggle_content invers-color\"  itemprop=\"text\" ><div class=\"faq-main\">\n<div class=\"faq\">\n<div class=\"faq-left\"><b>Conoce m\u00e1s sobre nosotros<\/b><\/div>\n<div class=\"faq-right\">No esperamos que seas un experto en nuestro negocio, pero los mejores candidatos tienden a tener una comprensi\u00f3n general de lo que hacemos y c\u00f3mo lo hacemos. Si est\u00e1s buscando conocer m\u00e1s sobre nosotros, entonces LinkedIn y Glassdoor son buenos lugares para comenzar, como lo son otros sitios de redes sociales en los que tenemos presencia, tales como Facebook, Twitter e Instagram. Siempre puedes encontrar las \u00faltimas novedades sobre Willis Towers Watson en nuestra p\u00e1gina de <a href=\"https:\/\/www.willistowerswatson.com\/en\/press#sort=%40displayz45xdate%20descending\" target=\"_blank\" rel=\"noopener noreferrer\">prensa<\/a>. Y aqu\u00ed va otra opci\u00f3n: \u00bfsi escribes nuestro nombre en Google a ver qu\u00e9 aparece?<\/div>\n<\/div>\n<div class=\"faq\">\n<div class=\"faq-left\"><b>Prepara tus preguntas<\/b><\/div>\n<div class=\"faq-right\">Hacer preguntas informadas sobre nuestro negocio y nuestras oportunidades de empleo es una buena manera de demostrar que quieres unirte a nosotros en serio. Esto incluye preguntas sobre el puesto en s\u00ed mismo y sobre c\u00f3mo encaja dentro de la compa\u00f1\u00eda como un todo. Si\u00e9ntete libre de escribir tus preguntas y llevarlas contigo como recordatorio.<\/div>\n<\/div>\n<div class=\"faq\">\n<div class=\"faq-left\"><b>Ensaya tus respuestas<\/b><\/div>\n<div class=\"faq-right\">\n<p>Antes de la entrevista, repasa tu experiencia, habilidades e intereses, y prep\u00e1rate para hablar sobre c\u00f3mo ellos te convierten en un buen candidato o una buena candidata para el puesto. Cuantos m\u00e1s ejemplos espec\u00edficos puedas darnos, mejor. Estas son algunas preguntas t\u00edpicas que nos gusta hacer:<\/p>\n<ul>\n<li>\u00bfQu\u00e9 sabes de Willis Towers Watson?<\/li>\n<li>De todos tus logros, \u00bfcu\u00e1l te enorgullece m\u00e1s?<\/li>\n<li>\u00bfPor qu\u00e9 te gustar\u00eda trabajar aqu\u00ed?<\/li>\n<li>\u00bfQu\u00e9 es lo que m\u00e1s valoras de tu carrera?<\/li>\n<li>\u00bfQu\u00e9 te motiva?<\/li>\n<li>\u00bfPor qu\u00e9 piensas que eres un buen candidato o una buena candidata para cumplir con los requisitos del gerente de contrataciones? Nos interesar\u00e1 saber qu\u00e9 habilidades \u00fanicas puedes traer al puesto.<\/li>\n<\/ul>\n<\/div>\n<\/div>\n<div class=\"faq\">\n<div class=\"faq-left\"><b>Planifica tu d\u00eda<\/b><\/div>\n<div class=\"faq-right\">\n<p>Ten tu documentaci\u00f3n lista. Imprime una copia nueva de tu curr\u00edculum y tu lista de preguntas, y recuerda traerlos contigo.<\/p>\n<p>V\u00edstete apropiadamente. Una opci\u00f3n que nunca falla es un traje de negocios tradicional u otro atuendo de negocios profesional, aunque te adelantamos que en Willis Towers Watson nos vestimos para el d\u00eda que tenemos, as\u00ed que es probable que veas a muchos colegas vestidos con ropa informal de negocios.<\/p>\n<p>S\u00e9 puntual. Planifica con anticipaci\u00f3n c\u00f3mo llegar\u00e1s a la entrevista y sal m\u00e1s temprano de lo que creas necesario. Deber\u00edas llegar a la oficina con al menos 10 minutos de antelaci\u00f3n para dar lugar a las inspecciones de seguridad u otras posibles demoras.<\/p>\n<\/div>\n<\/div>\n<div class=\"faq\">\n<div class=\"faq-left\"><b>Durante la entrevista<\/b><\/div>\n<div class=\"faq-right\">\n<p>S\u00e9 t\u00fa mismo. Si bien es importante que te manejes con profesionalismo, no temas dejar que brille tu personalidad.<\/p>\n<p>Ten en cuenta tu lenguaje corporal. Lo que no dices a veces puede ser tan importante como lo que s\u00ed dices en una entrevista de trabajo. Comprender y maximizar tu comunicaci\u00f3n no verbal \u2014sonre\u00edr, hacer contacto visual, dar un apret\u00f3n de manos, vigilar la propia postura y dem\u00e1s\u2014 te ayudar\u00e1n a sobresalir en la entrevista.<\/p>\n<p>Mantente en control. Es natural ponerse nervioso en una entrevista. Recuerda que est\u00e1 bien hacer pausas antes de responder a las preguntas para ordenar tus pensamientos, y si tienes dudas acerca de una pregunta, tambi\u00e9n est\u00e1 bien pedir aclaraciones.<\/p>\n<p>Conocer a los dem\u00e1s. Si se te muestra la oficina o tienes la oportunidad de charlar con potenciales colegas, recuerda que los comentarios u observaciones de ellos pueden tener un impacto. No digas ni hagas nada que no dir\u00edas o har\u00edas en una situaci\u00f3n de entrevista formal.<\/p>\n<p>Di gracias. Concluye el proceso enviando una nota r\u00e1pida o un mensaje de correo electr\u00f3nico de agradecimiento a cualquier persona que se haya tomado el tiempo en conocerte. Los entrevistadores ver\u00e1n el contenido de tu nota como evidencia de tu atenci\u00f3n al detalle, y como confirmaci\u00f3n de tu inter\u00e9s en el puesto.<\/p>\n<\/div>\n<\/div>\n<\/div>\n            <\/div>        <\/div>    <\/div><\/section>\n<\/div>\n\n","protected":false},"excerpt":{"rendered":"","protected":false},"author":532,"featured_media":0,"parent":0,"menu_order":0,"comment_status":"closed","ping_status":"closed","template":"","meta":{"pgc_meta":"","footnotes":""},"location_type":[],"class_list":["post-13751","page","type-page","status-publish","hentry"],"yoast_head":"<!-- This site is optimized with the Yoast SEO Premium plugin v23.0 (Yoast SEO v23.0) - https:\/\/yoast.com\/wordpress\/plugins\/seo\/ -->\n<title>La Entrevista: S\u00e9 Lo Mejor Que Puedas Ser - Willis Towers Watson<\/title>\n<meta name=\"description\" content=\"Nos Especializamos En Prepararnos Para Lo Desconocido. Aqu\u00ed Presentamos C\u00f3mo Prepararse Para El Gran D\u00eda.\" \/>\n<meta name=\"robots\" content=\"index, follow, max-snippet:-1, max-image-preview:large, max-video-preview:-1\" \/>\n<link rel=\"canonical\" href=\"https:\/\/careers.wtwco.com\/es\/hints-and-tips\/\" \/>\n<meta property=\"og:locale\" content=\"es_ES\" \/>\n<meta property=\"og:type\" content=\"article\" \/>\n<meta property=\"og:title\" content=\"Hints and Tips\" \/>\n<meta property=\"og:description\" content=\"Nos Especializamos En Prepararnos Para Lo Desconocido. Aqu\u00ed Presentamos C\u00f3mo Prepararse Para El Gran D\u00eda.\" \/>\n<meta property=\"og:url\" content=\"https:\/\/careers.wtwco.com\/es\/hints-and-tips\/\" \/>\n<meta property=\"article:modified_time\" content=\"2022-12-26T07:49:49+00:00\" \/>\n<meta name=\"twitter:label1\" content=\"Tiempo de lectura\" \/>\n\t<meta name=\"twitter:data1\" content=\"5 minutos\" \/>\n<script type=\"application\/ld+json\" class=\"yoast-schema-graph\">{\"@context\":\"https:\/\/schema.org\",\"@graph\":[{\"@type\":\"WebPage\",\"@id\":\"https:\/\/careers.wtwco.com\/es\/hints-and-tips\/\",\"url\":\"https:\/\/careers.wtwco.com\/es\/hints-and-tips\/\",\"name\":\"La Entrevista: S\u00e9 Lo Mejor Que Puedas Ser - Willis Towers Watson\",\"isPartOf\":{\"@id\":\"https:\/\/careers.wtwco.com\/#website\"},\"datePublished\":\"2019-11-22T08:50:26+00:00\",\"dateModified\":\"2022-12-26T07:49:49+00:00\",\"description\":\"Nos Especializamos En Prepararnos Para Lo Desconocido. Aqu\u00ed Presentamos C\u00f3mo Prepararse Para El Gran D\u00eda.\",\"breadcrumb\":{\"@id\":\"https:\/\/careers.wtwco.com\/es\/hints-and-tips\/#breadcrumb\"},\"inLanguage\":\"es\",\"potentialAction\":[{\"@type\":\"ReadAction\",\"target\":[\"https:\/\/careers.wtwco.com\/es\/hints-and-tips\/\"]}]},{\"@type\":\"BreadcrumbList\",\"@id\":\"https:\/\/careers.wtwco.com\/es\/hints-and-tips\/#breadcrumb\",\"itemListElement\":[{\"@type\":\"ListItem\",\"position\":1,\"name\":\"Home\",\"item\":\"https:\/\/careers.wtwco.com\/es\/\"},{\"@type\":\"ListItem\",\"position\":2,\"name\":\"Hints and Tips\"}]},{\"@type\":\"WebSite\",\"@id\":\"https:\/\/careers.wtwco.com\/#website\",\"url\":\"https:\/\/careers.wtwco.com\/\",\"name\":\"\",\"description\":\"ibee Demo Site\",\"potentialAction\":[{\"@type\":\"SearchAction\",\"target\":{\"@type\":\"EntryPoint\",\"urlTemplate\":\"https:\/\/careers.wtwco.com\/?s={search_term_string}\"},\"query-input\":\"required name=search_term_string\"}],\"inLanguage\":\"es\"}]}<\/script>\n<!-- \/ Yoast SEO Premium plugin. -->","yoast_head_json":{"title":"La Entrevista: S\u00e9 Lo Mejor Que Puedas Ser - Willis Towers Watson","description":"Nos Especializamos En Prepararnos Para Lo Desconocido. Aqu\u00ed Presentamos C\u00f3mo Prepararse Para El Gran D\u00eda.","robots":{"index":"index","follow":"follow","max-snippet":"max-snippet:-1","max-image-preview":"max-image-preview:large","max-video-preview":"max-video-preview:-1"},"canonical":"https:\/\/careers.wtwco.com\/es\/hints-and-tips\/","og_locale":"es_ES","og_type":"article","og_title":"Hints and Tips","og_description":"Nos Especializamos En Prepararnos Para Lo Desconocido. Aqu\u00ed Presentamos C\u00f3mo Prepararse Para El Gran D\u00eda.","og_url":"https:\/\/careers.wtwco.com\/es\/hints-and-tips\/","article_modified_time":"2022-12-26T07:49:49+00:00","twitter_misc":{"Tiempo de lectura":"5 minutos"},"schema":{"@context":"https:\/\/schema.org","@graph":[{"@type":"WebPage","@id":"https:\/\/careers.wtwco.com\/es\/hints-and-tips\/","url":"https:\/\/careers.wtwco.com\/es\/hints-and-tips\/","name":"La Entrevista: S\u00e9 Lo Mejor Que Puedas Ser - Willis Towers Watson","isPartOf":{"@id":"https:\/\/careers.wtwco.com\/#website"},"datePublished":"2019-11-22T08:50:26+00:00","dateModified":"2022-12-26T07:49:49+00:00","description":"Nos Especializamos En Prepararnos Para Lo Desconocido. Aqu\u00ed Presentamos C\u00f3mo Prepararse Para El Gran D\u00eda.","breadcrumb":{"@id":"https:\/\/careers.wtwco.com\/es\/hints-and-tips\/#breadcrumb"},"inLanguage":"es","potentialAction":[{"@type":"ReadAction","target":["https:\/\/careers.wtwco.com\/es\/hints-and-tips\/"]}]},{"@type":"BreadcrumbList","@id":"https:\/\/careers.wtwco.com\/es\/hints-and-tips\/#breadcrumb","itemListElement":[{"@type":"ListItem","position":1,"name":"Home","item":"https:\/\/careers.wtwco.com\/es\/"},{"@type":"ListItem","position":2,"name":"Hints and Tips"}]},{"@type":"WebSite","@id":"https:\/\/careers.wtwco.com\/#website","url":"https:\/\/careers.wtwco.com\/","name":"","description":"ibee Demo Site","potentialAction":[{"@type":"SearchAction","target":{"@type":"EntryPoint","urlTemplate":"https:\/\/careers.wtwco.com\/?s={search_term_string}"},"query-input":"required name=search_term_string"}],"inLanguage":"es"}]}},"pgc_meta":"","_links":{"self":[{"href":"https:\/\/willistowerwatson.site.findly.com\/es\/wp-json\/wp\/v2\/pages\/13751","targetHints":{"allow":["GET"]}}],"collection":[{"href":"https:\/\/willistowerwatson.site.findly.com\/es\/wp-json\/wp\/v2\/pages"}],"about":[{"href":"https:\/\/willistowerwatson.site.findly.com\/es\/wp-json\/wp\/v2\/types\/page"}],"author":[{"embeddable":true,"href":"https:\/\/willistowerwatson.site.findly.com\/es\/wp-json\/wp\/v2\/users\/532"}],"replies":[{"embeddable":true,"href":"https:\/\/willistowerwatson.site.findly.com\/es\/wp-json\/wp\/v2\/comments?post=13751"}],"version-history":[{"count":3,"href":"https:\/\/willistowerwatson.site.findly.com\/es\/wp-json\/wp\/v2\/pages\/13751\/revisions"}],"predecessor-version":[{"id":29674,"href":"https:\/\/willistowerwatson.site.findly.com\/es\/wp-json\/wp\/v2\/pages\/13751\/revisions\/29674"}],"wp:attachment":[{"href":"https:\/\/willistowerwatson.site.findly.com\/es\/wp-json\/wp\/v2\/media?parent=13751"}],"wp:term":[{"taxonomy":"location_type","embeddable":true,"href":"https:\/\/willistowerwatson.site.findly.com\/es\/wp-json\/wp\/v2\/location_type?post=13751"}],"curies":[{"name":"wp","href":"https:\/\/api.w.org\/{rel}","templated":true}]}}