{"id":22842,"date":"2020-04-23T05:49:00","date_gmt":"2020-04-23T05:49:00","guid":{"rendered":"https:\/\/willistowerwatson-v1.site.findly.com\/nuestras-historias\/our-stories-family-life\/"},"modified":"2022-12-26T07:52:14","modified_gmt":"2022-12-26T07:52:14","slug":"our-stories-family-life","status":"publish","type":"page","link":"https:\/\/willistowerwatson.site.findly.com\/es\/nuestras-historias\/our-stories-family-life\/","title":{"rendered":"Our Stories Family Life"},"content":{"rendered":"<\/div><\/div><\/div><!-- close content main div --><\/div><\/div><div id='av_section_1' class='avia-section main_color avia-section-small avia-no-border-styling avia-bg-style-scroll  search-banner new-search container_wrap fullsize'   ><div class='container' ><div class='template-page content  av-content-full alpha units'><div class='post-entry post-entry-type-page post-entry-22842'><div class='entry-content-wrapper clearfix'>\n<div class='flex_column_table av-equal-height-column-flextable' ><div class=\"flex_column av_two_third  flex_column_table_cell av-equal-height-column av-align-top av-zero-column-padding first   \" style='border-radius:0px; '><div class='avia-builder-widget-area clearfix '><div id=\"widget_job_search_v2-3\" class=\"widget clearfix widget-jobsearch widget-jobsearch-v2\"><form method=\"GET\" id=\"cws_quickjobsearch\" role=\"search\" class=\"clearfix g-cols offset_medium\" action=\"\/es\/job-search-results\/\"><div class=\"quicksearch-field quicksearch-SearchText first avia-builder-el-first  flex_column av_one_half horizontal\"><div class=\"w-form-row\"><div class=\"w-form-row-label\"><label for=\"cws_quickjobsearch_keywords\">Job Title or Category<\/label><\/div><div class=\"w-form-row-field\"><input type=\"text\" class=\"text_input keyword_suggest\" name=\"keyword\" id=\"cws_quickjobsearch_keywords\" data-autocomplete_limit=\"5\" placeholder=\"Job Title or Category\"  data-param=\"SearchText\" aria-describedby=\"keyword-help\" value=\"\" \/><span id=\"keyword-help\" class=\"visually-hidden sr-only\" aria-live=\"polite\">Begin typing to find suggestions.<\/span><span class=\"w-form-row-field-bar\"><\/span><\/div><input type=\"hidden\" name=\"fuzzy\" id=\"cws_quickjobsearch_fuzzy\" data-param=\"fuzzy\" value=\"\" \/><\/div><\/div><div class=\"quicksearch-btn avia-builder-el-last flex_column av_one_half\"><input class=\"avia-button avia-color-theme-color avia-size-small quicksearch-submit\" type=\"submit\" value=\"Find a job\" \/><\/div><\/form><\/div><\/div><\/div><div class='av-flex-placeholder'><\/div><div class=\"flex_column av_one_third  flex_column_table_cell av-equal-height-column av-align-top av-zero-column-padding   right-search \" style='border-radius:0px; '><section class=\"av_textblock_section\"  itemscope=\"itemscope\" itemtype=\"https:\/\/schema.org\/CreativeWork\" ><div class='avia_textblock '   itemprop=\"text\" ><p><span>Para estar informado sobre nuestras oportunidades de empleo:\u00a0<\/span><a href=\"https:\/\/eedu.fa.em3.oraclecloud.com\/hcmUI\/CandidateExperience\/en\/sites\/CX_1003\/tc-join?mode=location\" class=\"right-link\" target=\"_blank\" rel=\"noopener noreferrer\">\u00danete a nuestra Red de talentos<\/a><\/p>\n<\/div><\/section><\/div><\/div><!--close column table wrapper. Autoclose:  --><\/div><\/div><\/div><!-- close content main div --><\/div><\/div><div id='av_section_2' class='avia-section main_color avia-section-no-padding avia-no-border-styling avia-bg-style-scroll  blog-banner container_wrap fullsize'   ><div class='container' ><div class='template-page content  av-content-full alpha units'><div class='post-entry post-entry-type-page post-entry-22842'><div class='entry-content-wrapper clearfix'>\n<section class=\"avia_codeblock_section avia_code_block_0\"  itemscope=\"itemscope\" itemtype=\"https:\/\/schema.org\/CreativeWork\" ><div class='avia_codeblock blog-banner-desk desktop-visible'  itemprop=\"text\" > [avia_codeblock_placeholder uid=\"0\"] <\/div><\/section>\n<section class=\"avia_codeblock_section avia_code_block_1\"  itemscope=\"itemscope\" itemtype=\"https:\/\/schema.org\/CreativeWork\" ><div class='avia_codeblock mobile-visible blog-slider-mobile'  itemprop=\"text\" > [avia_codeblock_placeholder uid=\"1\"] <\/div><\/section>\n<\/p>\n<\/div><\/div><\/div><!-- close content main div --><\/div><\/div><div id='av_section_3' class='avia-section main_color avia-section-default avia-no-border-styling avia-bg-style-scroll  pink-hover place-for-possibilities blog-dec-main container_wrap fullsize'   ><div class='container' ><div class='template-page content  av-content-full alpha units'><div class='post-entry post-entry-type-page post-entry-22842'><div class='entry-content-wrapper clearfix'>\n<section class=\"av_textblock_section\"  itemscope=\"itemscope\" itemtype=\"https:\/\/schema.org\/CreativeWork\" ><div class='avia_textblock rec-up txt-center width-800'   itemprop=\"text\" ><p>Creemos que nuestras semejanzas nos unen y nuestras diferencias nos hacen m\u00e1s fuertes. Nuestro \u00e9xito est\u00e1 basado en la inclusi\u00f3n, diversidad y el trabajo en equipo de m\u00e1s de 45.000 profesionales a nivel mundial.<\/p>\n<p>Aqu\u00ed podr\u00e1s ver las historias y experiencias de nuestros colegas y c\u00f3mo es la vida en Willis Towers Watson a trav\u00e9s de sus ojos.<\/p>\n<\/div><\/section>\n\n<\/div><\/div><\/div><!-- close content main div --><\/div><\/div><div id='av_section_4' class='avia-section main_color avia-section-no-padding avia-no-border-styling avia-bg-style-scroll  blog-refine container_wrap fullsize'   ><div class='container' ><div class='template-page content  av-content-full alpha units'><div class='post-entry post-entry-type-page post-entry-22842'><div class='entry-content-wrapper clearfix'>\n<div class=\"togglecontainer toggle_close_all  blog-refine-cat\">\n<section class=\"av_toggle_section\"  itemscope=\"itemscope\" itemtype=\"https:\/\/schema.org\/CreativeWork\" >    <div class=\"single_toggle\" data-tags=\"{Todo} \" >        <p data-fake-id=\"#toggle-id-1\" class=\"toggler \"  itemprop=\"headline\" >REFINA TU B\u00daSQUEDA<span class=\"toggle_icon\">        <span class=\"vert_icon\"><\/span><span class=\"hor_icon\"><\/span><\/span><\/p>        <div id=\"toggle-id-1-container\" class=\"toggle_wrap \" >            <div class=\"toggle_content invers-color\"  itemprop=\"text\" ><div class=\"refine-wrapper-back\">\n<ul class=\"our-stories-section__list\">\n<li class=\"our-stories-section__link\"><a href=\"https:\/\/willistowerwatson-v1.site.findly.com\/es\/nuestras-historias\/#people-stories\" class=\"our-stories-section__link\" id=\"all\">Restablecer<span><img decoding=\"async\" class=\"white-arr\" src=\"\/wp-content\/uploads\/sites\/1216\/2020\/04\/black-arrow.png\" alt=\"\" \/><\/span><\/a><\/li>\n<\/ul>\n<\/div>\n<div class=\"refine-wrapper-inner\">\n<ul class=\"our-stories-section__list\">\n<li class=\"our-stories-section__link\"><a href=\"https:\/\/willistowerwatson-v1.site.findly.com\/es\/nuestras-historias\/our-stories-mywtw\/#historias-personales\" class=\"our-stories-section__link\" id=\"MyWTW\">#MyWTW<span> <img decoding=\"async\" class=\"white-arr\" src=\"\/wp-content\/uploads\/sites\/747\/2019\/02\/Arrow-white.png\" alt=\"\" \/><\/span><\/a><\/li>\n<li class=\"our-stories-section__link\"><a href=\"https:\/\/willistowerwatson-v1.site.findly.com\/es\/nuestras-historias\/our-stories-apprenticeships\/#historias-personales\" class=\"our-stories-section__link\" id=\"content-production\">Programas de formaci\u00f3n<span> <img decoding=\"async\" class=\"white-arr\" src=\"\/wp-content\/uploads\/sites\/747\/2019\/02\/Arrow-white.png\" alt=\"\" \/><\/span><\/a><\/li>\n<li class=\"our-stories-section__link\"><a href=\"https:\/\/willistowerwatson-v1.site.findly.com\/es\/nuestras-historias\/our-stories-early-careers\/#historias-personales\" class=\"our-stories-section__link\" id=\"corporate\">Primeras carreras<span> <img decoding=\"async\" class=\"white-arr\" src=\"\/wp-content\/uploads\/sites\/747\/2019\/02\/Arrow-white.png\" alt=\"\" \/><\/span><\/a><\/li>\n<\/ul>\n<ul class=\"our-stories-section__list\">\n<li class=\"our-stories-section__link\"><a href=\"https:\/\/willistowerwatson-v1.site.findly.com\/es\/nuestras-historias\/our-stories-experienced-hire\/#historias-personales\" class=\"our-stories-section__link\" id=\"home-service\">Profesionales con experiencia<span> <img decoding=\"async\" class=\"white-arr\" src=\"\/wp-content\/uploads\/sites\/747\/2019\/02\/Arrow-white.png\" alt=\"\" \/><\/span><\/a><\/li>\n<li class=\"our-stories-section__link\"><a href=\"https:\/\/willistowerwatson-v1.site.findly.com\/es\/nuestras-historias\/our-stories-family-life\/#historias-personales\" class=\"our-stories-section__link\" id=\"retail\">Vida en familia<span> <img decoding=\"async\" class=\"white-arr\" src=\"\/wp-content\/uploads\/sites\/747\/2019\/02\/Arrow-white.png\" alt=\"\" \/><\/span><\/a><\/li>\n<li class=\"our-stories-section__link\"><a href=\"https:\/\/willistowerwatson-v1.site.findly.com\/es\/nuestras-historias\/our-stories-flexible-working\/#historias-personales\" class=\"our-stories-section__link\" id=\"contact-centre-operations\">Flexibilidad Laboral<span> <img decoding=\"async\" class=\"white-arr\" src=\"\/wp-content\/uploads\/sites\/747\/2019\/02\/Arrow-white.png\" alt=\"\" \/><\/span><\/a><\/li>\n<\/ul>\n<ul class=\"our-stories-section__list\">\n<li class=\"our-stories-section__link\"><a href=\"https:\/\/willistowerwatson-v1.site.findly.com\/es\/nuestras-historias\/our-stories-inclusion-and-diversity\/#historias-personales\" class=\"our-stories-section__link\" id=\"b2b\">Inclusi\u00f3n y Diversidad<span> <img decoding=\"async\" class=\"white-arr\" src=\"\/wp-content\/uploads\/sites\/747\/2019\/02\/Arrow-white.png\" alt=\"\" \/><\/span><\/a><\/li>\n<li class=\"our-stories-section__link\"><a href=\"https:\/\/willistowerwatson-v1.site.findly.com\/es\/nuestras-historias\/our-stories-mental-health\/#historias-personales\" class=\"our-stories-section__link\" id=\"early-careers\">Salud mental<span> <img decoding=\"async\" class=\"white-arr\" src=\"\/wp-content\/uploads\/sites\/747\/2019\/02\/Arrow-white.png\" alt=\"\" \/><\/span><\/a><\/li>\n<\/ul>\n<\/div>\n            <\/div>        <\/div>    <\/div><\/section>\n<\/div>\n\n<\/div><\/div><\/div><!-- close content main div --><\/div><\/div><div id='historias-personales' class='avia-section main_color avia-section-default avia-no-border-styling avia-bg-style-scroll  pink-hover place-for-possibilities blog-people container_wrap fullsize'   ><div class='container' ><div class='template-page content  av-content-full alpha units'><div class='post-entry post-entry-type-page post-entry-22842'><div class='entry-content-wrapper clearfix'>\n<section class=\"av_textblock_section\"  itemscope=\"itemscope\" itemtype=\"https:\/\/schema.org\/CreativeWork\" ><div class='avia_textblock rec-up blog-people-head'   itemprop=\"text\" ><h2 class=\"inner-heading\">HISTORIAS PERSONALES: VIDA EN FAMILIA<\/h2>\n<\/div><\/section>\n<div id='av-masonry-1' class='av-masonry noHover av-fixed-size av-large-gap av-hover-overlay-active av-masonry-col-3 av-caption-always av-caption-style- '  ><div class='av-masonry-container isotope av-js-disabled ' ><div class='av-masonry-entry isotope-item av-masonry-item-no-image '><\/div><a href=\"https:\/\/willistowerwatson.site.findly.com\/es\/2020\/04\/20\/returning-to-work-after-parental-leave\/\" id='av-masonry-1-item-22814' data-av-masonry-item='22814' class='av-masonry-entry isotope-item post-22814 post type-post status-publish format-standard has-post-thumbnail hentry category-inclusion-y-diversidad category-mywtw-es category-profesionales-con-experiencia category-trabajo-flexible category-vida-en-familia tag-mywtw-es tag-wtwlife-es  av-masonry-item-with-image' title=\"Returning to work after parental leave\"  itemscope=\"itemscope\" itemtype=\"https:\/\/schema.org\/CreativeWork\" ><div class='av-inner-masonry-sizer'><\/div><figure class='av-inner-masonry main_color'><div class=\"av-masonry-outerimage-container\"><div class=\"av-masonry-image-container\" style=\"background-image: url(https:\/\/willistowerwatson.site.findly.com\/wp-content\/uploads\/sites\/3376\/2020\/04\/3-1-528x705.jpg);\"><img decoding=\"async\" src=\"https:\/\/willistowerwatson.site.findly.com\/wp-content\/uploads\/sites\/3376\/2020\/04\/3-1-528x705.jpg\" title=\"3\" alt=\"\" \/><\/div><\/div><figcaption class='av-inner-masonry-content site-background'><div class='av-inner-masonry-content-pos'><div class='av-inner-masonry-content-pos-content'><div class='avia-arrow'><\/div><h3 class='av-masonry-entry-title entry-title'  itemprop=\"headline\" >Returning to work after parental leave<\/h3><span class='av-masonry-date meta-color updated'>abril 20, 2020<\/span><span class=\"av-masonry-text-sep text-sep-author\">\/<\/span><span class='av-masonry-author meta-color vcard author'><span class='fn'>por rahid<\/span><\/span><\/div><\/div><\/figcaption><\/figure><\/a><!--end av-masonry entry--><\/div><\/div>\n\n","protected":false},"excerpt":{"rendered":"","protected":false},"author":1048,"featured_media":0,"parent":22655,"menu_order":0,"comment_status":"closed","ping_status":"closed","template":"","meta":{"pgc_meta":"","footnotes":""},"location_type":[],"class_list":["post-22842","page","type-page","status-publish","hentry"],"yoast_head":"<!-- This site is optimized with the Yoast SEO Premium plugin v23.0 (Yoast SEO v23.0) - https:\/\/yoast.com\/wordpress\/plugins\/seo\/ -->\n<title>Our Stories Family Life -<\/title>\n<meta name=\"robots\" content=\"index, follow, max-snippet:-1, max-image-preview:large, max-video-preview:-1\" \/>\n<link rel=\"canonical\" href=\"https:\/\/careers.wtwco.com\/es\/nuestras-historias\/our-stories-family-life\/\" \/>\n<meta property=\"og:locale\" content=\"es_ES\" \/>\n<meta property=\"og:type\" content=\"article\" \/>\n<meta property=\"og:title\" content=\"Our Stories Family Life\" \/>\n<meta property=\"og:url\" content=\"https:\/\/careers.wtwco.com\/es\/nuestras-historias\/our-stories-family-life\/\" \/>\n<meta property=\"article:modified_time\" content=\"2022-12-26T07:52:14+00:00\" \/>\n<meta property=\"og:image\" content=\"https:\/\/willistowerwatson.site.findly.com\/wp-content\/uploads\/sites\/1216\/2020\/04\/black-arrow.png\" \/>\n<meta name=\"twitter:label1\" content=\"Tiempo de lectura\" \/>\n\t<meta name=\"twitter:data1\" content=\"4 minutos\" \/>\n<script type=\"application\/ld+json\" class=\"yoast-schema-graph\">{\"@context\":\"https:\/\/schema.org\",\"@graph\":[{\"@type\":\"WebPage\",\"@id\":\"https:\/\/careers.wtwco.com\/es\/nuestras-historias\/our-stories-family-life\/\",\"url\":\"https:\/\/careers.wtwco.com\/es\/nuestras-historias\/our-stories-family-life\/\",\"name\":\"Our Stories Family Life -\",\"isPartOf\":{\"@id\":\"https:\/\/careers.wtwco.com\/#website\"},\"datePublished\":\"2020-04-23T05:49:00+00:00\",\"dateModified\":\"2022-12-26T07:52:14+00:00\",\"breadcrumb\":{\"@id\":\"https:\/\/careers.wtwco.com\/es\/nuestras-historias\/our-stories-family-life\/#breadcrumb\"},\"inLanguage\":\"es\",\"potentialAction\":[{\"@type\":\"ReadAction\",\"target\":[\"https:\/\/careers.wtwco.com\/es\/nuestras-historias\/our-stories-family-life\/\"]}]},{\"@type\":\"BreadcrumbList\",\"@id\":\"https:\/\/careers.wtwco.com\/es\/nuestras-historias\/our-stories-family-life\/#breadcrumb\",\"itemListElement\":[{\"@type\":\"ListItem\",\"position\":1,\"name\":\"Home\",\"item\":\"https:\/\/careers.wtwco.com\/es\/\"},{\"@type\":\"ListItem\",\"position\":2,\"name\":\"NUESTRAS HISTORIAS\",\"item\":\"https:\/\/careers.wtwco.com\/es\/nuestras-historias\/\"},{\"@type\":\"ListItem\",\"position\":3,\"name\":\"Our Stories Family Life\"}]},{\"@type\":\"WebSite\",\"@id\":\"https:\/\/careers.wtwco.com\/#website\",\"url\":\"https:\/\/careers.wtwco.com\/\",\"name\":\"\",\"description\":\"ibee Demo Site\",\"potentialAction\":[{\"@type\":\"SearchAction\",\"target\":{\"@type\":\"EntryPoint\",\"urlTemplate\":\"https:\/\/careers.wtwco.com\/?s={search_term_string}\"},\"query-input\":\"required name=search_term_string\"}],\"inLanguage\":\"es\"}]}<\/script>\n<!-- \/ Yoast SEO Premium plugin. -->","yoast_head_json":{"title":"Our Stories Family Life -","robots":{"index":"index","follow":"follow","max-snippet":"max-snippet:-1","max-image-preview":"max-image-preview:large","max-video-preview":"max-video-preview:-1"},"canonical":"https:\/\/careers.wtwco.com\/es\/nuestras-historias\/our-stories-family-life\/","og_locale":"es_ES","og_type":"article","og_title":"Our Stories Family Life","og_url":"https:\/\/careers.wtwco.com\/es\/nuestras-historias\/our-stories-family-life\/","article_modified_time":"2022-12-26T07:52:14+00:00","og_image":[{"url":"https:\/\/willistowerwatson.site.findly.com\/wp-content\/uploads\/sites\/1216\/2020\/04\/black-arrow.png"}],"twitter_misc":{"Tiempo de lectura":"4 minutos"},"schema":{"@context":"https:\/\/schema.org","@graph":[{"@type":"WebPage","@id":"https:\/\/careers.wtwco.com\/es\/nuestras-historias\/our-stories-family-life\/","url":"https:\/\/careers.wtwco.com\/es\/nuestras-historias\/our-stories-family-life\/","name":"Our Stories Family Life -","isPartOf":{"@id":"https:\/\/careers.wtwco.com\/#website"},"datePublished":"2020-04-23T05:49:00+00:00","dateModified":"2022-12-26T07:52:14+00:00","breadcrumb":{"@id":"https:\/\/careers.wtwco.com\/es\/nuestras-historias\/our-stories-family-life\/#breadcrumb"},"inLanguage":"es","potentialAction":[{"@type":"ReadAction","target":["https:\/\/careers.wtwco.com\/es\/nuestras-historias\/our-stories-family-life\/"]}]},{"@type":"BreadcrumbList","@id":"https:\/\/careers.wtwco.com\/es\/nuestras-historias\/our-stories-family-life\/#breadcrumb","itemListElement":[{"@type":"ListItem","position":1,"name":"Home","item":"https:\/\/careers.wtwco.com\/es\/"},{"@type":"ListItem","position":2,"name":"NUESTRAS HISTORIAS","item":"https:\/\/careers.wtwco.com\/es\/nuestras-historias\/"},{"@type":"ListItem","position":3,"name":"Our Stories Family Life"}]},{"@type":"WebSite","@id":"https:\/\/careers.wtwco.com\/#website","url":"https:\/\/careers.wtwco.com\/","name":"","description":"ibee Demo Site","potentialAction":[{"@type":"SearchAction","target":{"@type":"EntryPoint","urlTemplate":"https:\/\/careers.wtwco.com\/?s={search_term_string}"},"query-input":"required name=search_term_string"}],"inLanguage":"es"}]}},"pgc_meta":"","_links":{"self":[{"href":"https:\/\/willistowerwatson.site.findly.com\/es\/wp-json\/wp\/v2\/pages\/22842","targetHints":{"allow":["GET"]}}],"collection":[{"href":"https:\/\/willistowerwatson.site.findly.com\/es\/wp-json\/wp\/v2\/pages"}],"about":[{"href":"https:\/\/willistowerwatson.site.findly.com\/es\/wp-json\/wp\/v2\/types\/page"}],"author":[{"embeddable":true,"href":"https:\/\/willistowerwatson.site.findly.com\/es\/wp-json\/wp\/v2\/users\/1048"}],"replies":[{"embeddable":true,"href":"https:\/\/willistowerwatson.site.findly.com\/es\/wp-json\/wp\/v2\/comments?post=22842"}],"version-history":[{"count":9,"href":"https:\/\/willistowerwatson.site.findly.com\/es\/wp-json\/wp\/v2\/pages\/22842\/revisions"}],"predecessor-version":[{"id":29685,"href":"https:\/\/willistowerwatson.site.findly.com\/es\/wp-json\/wp\/v2\/pages\/22842\/revisions\/29685"}],"up":[{"embeddable":true,"href":"https:\/\/willistowerwatson.site.findly.com\/es\/wp-json\/wp\/v2\/pages\/22655"}],"wp:attachment":[{"href":"https:\/\/willistowerwatson.site.findly.com\/es\/wp-json\/wp\/v2\/media?parent=22842"}],"wp:term":[{"taxonomy":"location_type","embeddable":true,"href":"https:\/\/willistowerwatson.site.findly.com\/es\/wp-json\/wp\/v2\/location_type?post=22842"}],"curies":[{"name":"wp","href":"https:\/\/api.w.org\/{rel}","templated":true}]}}