{"id":8498,"date":"2019-04-30T09:47:02","date_gmt":"2019-04-30T09:47:02","guid":{"rendered":"http:\/\/willistowerwatson-v2.site.findly.com\/?page_id=8498\/"},"modified":"2019-07-02T10:55:08","modified_gmt":"2019-07-02T10:55:08","slug":"apprenticeship-faqs","status":"publish","type":"page","link":"https:\/\/willistowerwatson.site.findly.com\/fr-ca\/early-careers\/apprenticeships\/apprenticeship-faqs\/","title":{"rendered":"APPRENTICESHIP FAQs"},"content":{"rendered":"<\/div><\/div><\/div><!-- close content main div --><\/div><\/div><div id='av_section_1' class='avia-section main_color avia-section-small avia-no-border-styling avia-bg-style-scroll  search-banner new-search container_wrap fullsize'   ><div class='container' ><div class='template-page content  av-content-full alpha units'><div class='post-entry post-entry-type-page post-entry-8498'><div class='entry-content-wrapper clearfix'>\n<div class='flex_column_table av-equal-height-column-flextable' ><div class=\"flex_column av_two_third  flex_column_table_cell av-equal-height-column av-align-top av-zero-column-padding first   \" style='border-radius:0px; '><div class='avia-builder-widget-area clearfix '><div id=\"widget_job_search_v2-3\" class=\"widget clearfix widget-jobsearch widget-jobsearch-v2\"><form method=\"GET\" id=\"cws_quickjobsearch\" role=\"search\" class=\"clearfix g-cols offset_medium\" action=\"\/fr-ca\/job-search-results\/\"><div class=\"quicksearch-field quicksearch-SearchText first avia-builder-el-first  flex_column av_one_half horizontal\"><div class=\"w-form-row\"><div class=\"w-form-row-label\"><label for=\"cws_quickjobsearch_keywords\">Job Title or Category<\/label><\/div><div class=\"w-form-row-field\"><input type=\"text\" class=\"text_input keyword_suggest\" name=\"keyword\" id=\"cws_quickjobsearch_keywords\" data-autocomplete_limit=\"5\" placeholder=\"Job Title or Category\"  data-param=\"SearchText\" aria-describedby=\"keyword-help\" value=\"\" \/><span id=\"keyword-help\" class=\"visually-hidden sr-only\" aria-live=\"polite\">Begin typing to find suggestions.<\/span><span class=\"w-form-row-field-bar\"><\/span><\/div><input type=\"hidden\" name=\"fuzzy\" id=\"cws_quickjobsearch_fuzzy\" data-param=\"fuzzy\" value=\"\" \/><\/div><\/div><div class=\"quicksearch-btn avia-builder-el-last flex_column av_one_half\"><input class=\"avia-button avia-color-theme-color avia-size-small quicksearch-submit\" type=\"submit\" value=\"Find a job\" \/><\/div><\/form><\/div><\/div><\/div><div class='av-flex-placeholder'><\/div><div class=\"flex_column av_one_third  flex_column_table_cell av-equal-height-column av-align-top av-zero-column-padding   right-search \" style='border-radius:0px; '><\/div><\/div><!--close column table wrapper. Autoclose:  -->\n\n<div id='layer_slider_1' class='avia-layerslider main_color avia-shadow  container_wrap fullsize'    style='height: 601px;' ><\/div>\n<div id='layer_slider_2' class='avia-layerslider main_color avia-shadow  container_wrap fullsize'    style='height: 1141px;' ><\/div>\n<\/div><\/div><\/div><!-- close content main div --><\/div><\/div><div id='av_section_2' class='avia-section main_color avia-section-no-padding avia-no-border-styling avia-bg-style-scroll  full-width faq-outer last-para-pad container_wrap fullsize'   ><div class='container' ><div class='template-page content  av-content-full alpha units'><div class='post-entry post-entry-type-page post-entry-8498'><div class='entry-content-wrapper clearfix'>\n<div class=\"togglecontainer toggle_close_all  faq-acc\">\n<section class=\"av_toggle_section\"  itemscope=\"itemscope\" itemtype=\"https:\/\/schema.org\/CreativeWork\" >    <div class=\"single_toggle\" data-tags=\"{All} \" >        <p data-fake-id=\"#toggle-id-1\" class=\"toggler activeTitle\"  itemprop=\"headline\" >G\u00c9N\u00c9RAL<span class=\"toggle_icon\">        <span class=\"vert_icon\"><\/span><span class=\"hor_icon\"><\/span><\/span><\/p>        <div id=\"toggle-id-1-container\" class=\"toggle_wrap active_tc\" >            <div class=\"toggle_content invers-color\"  itemprop=\"text\" ><div class=\"faq-main\">\n<div class=\"faq\">\n<div class=\"faq-left\"><b>Quelles sont les exigences minimales du programme d\u2019apprentissage \u00e0 satisfaire?<\/b><\/div>\n<div class=\"faq-right\">En g\u00e9n\u00e9ral, nous sommes \u00e0 la recherche de candidats qui ont au moins trois niveaux A (ou l\u2019\u00e9quivalent) pour notre formation en assurance, et au moins une moyenne de B en math\u00e9matiques (ou l\u2019\u00e9quivalent) pour notre formation technique en actuariat. D\u2019autres \u00e9l\u00e9ments pr\u00e9cis pourraient vous \u00eatre exig\u00e9s. Par cons\u00e9quent, veuillez lire attentivement la description du poste avant de poser votre candidature.<\/div>\n<\/div>\n<div class=\"faq\">\n<div class=\"faq-left\"><b>Dois-je d\u00e9tenir une exp\u00e9rience de travail pertinente?<\/b><\/div>\n<div class=\"faq-right\">Non.<\/div>\n<\/div>\n<div class=\"faq\">\n<div class=\"faq-left\"><b>Combien de temps dure un programme d\u2019apprentissage?<\/b><\/div>\n<div class=\"faq-right\">Nos programmes d\u2019apprentissage durent de 24 \u00e0 36 mois, selon le rythme d\u2019apprentissage qui vous convient.<\/div>\n<\/div>\n<div class=\"faq\">\n<div class=\"faq-left\"><b>Quand commence le programme d\u2019apprentissage?<\/b><\/div>\n<div class=\"faq-right\">Nos programmes commencent au d\u00e9but de septembre de chaque ann\u00e9e.<\/div>\n<\/div>\n<div class=\"faq\">\n<div class=\"faq-left\"><b>Quel sera mon salaire si je suis accept\u00e9 pour participer au programme d\u2019apprentissage?<\/b><\/div>\n<div class=\"faq-right\">Nous fournissons des renseignements concernant le salaire lorsque nous sommes \u00e0 l\u2019\u00e9tape de la pr\u00e9sentation des offres, dans le cadre du processus de s\u00e9lection des candidats. Nous tenons \u00e0 vous informer que les salaires que nous offrons dans le cadre des programmes d\u2019apprentissage sont tr\u00e8s concurrentiels, et qu\u2019ils comprennent une gamme d\u2019avantages sociaux complets ainsi qu\u2019un programme d\u2019\u00e9tudes (lorsque ce programme est pertinent pour occuper votre poste).<\/div>\n<\/div>\n<div class=\"faq\">\n<div class=\"faq-left\"><b>Est-ce que Willis Towers Watson parraine des demandes de visa?<\/b><\/div>\n<div class=\"faq-right\">Malheureusement, nous n\u2019offrons pas de parrainage pour les demandes de visa dans le cadre du programme d\u2019apprentissage.<\/div>\n<\/div>\n<div class=\"faq\">\n<div class=\"faq-left\"><b>Avec qui dois-je communiquer si j\u2019ai des questions?<\/b><\/div>\n<div class=\"faq-right\">Veuillez envoyer un courriel \u00e0 <a href=\"mailto:apprenticeships@willistowerswatson.com\">apprenticeships@willistowerswatson.com<\/a> et un membre de notre \u00e9quipe du programme d\u2019apprentissage r\u00e9pondra \u00e0 vos questions aussit\u00f4t que possible.<\/div>\n<\/div>\n<\/div>\n            <\/div>        <\/div>    <\/div><\/section>\n<section class=\"av_toggle_section\"  itemscope=\"itemscope\" itemtype=\"https:\/\/schema.org\/CreativeWork\" >    <div class=\"single_toggle\" data-tags=\"{All} \" >        <p data-fake-id=\"#toggle-id-2\" class=\"toggler \"  itemprop=\"headline\" >CANDIDATURE<span class=\"toggle_icon\">        <span class=\"vert_icon\"><\/span><span class=\"hor_icon\"><\/span><\/span><\/p>        <div id=\"toggle-id-2-container\" class=\"toggle_wrap \" >            <div class=\"toggle_content invers-color\"  itemprop=\"text\" ><div class=\"faq-main\">\n<div class=\"faq\">\n<div class=\"faq-left\"><b>Comment puis-je m\u2019inscrire \u00e0 un programme d\u2019apprentissage?<\/b><\/div>\n<div class=\"faq-right\">Nous demandons \u00e0 tous les candidats de poser leur candidature par l\u2019entremise de notre site Web. Nous ne sommes pas en mesure d\u2019accepter des curriculum vitae ni des lettres de motivation par courriel ou par la poste.<\/div>\n<\/div>\n<div class=\"faq\">\n<div class=\"faq-left\"><b>Quand puis-je poser ma candidature?<\/b><\/div>\n<div class=\"faq-right\">Vous pouvez soumettre votre candidature au cours de la p\u00e9riode de novembre \u00e0 janvier. Cependant, nous recrutons des personnes de fa\u00e7on continue. Nous vous recommandons donc de poser votre candidature le plus t\u00f4t possible, car nous pourrions ne plus accepter de candidatures si tous les postes \u00e9taient pourvus avant la fin de la date limite de pr\u00e9sentation de candidatures.<\/div>\n<\/div>\n<div class=\"faq\">\n<div class=\"faq-left\"><b>Puis-je m\u2019inscrire \u00e0 plus d\u2019un programme d\u2019apprentissage?<\/b><\/div>\n<div class=\"faq-right\">Non. Nous ne prenons en compte qu\u2019une candidature par personne et par cycle de recrutement.<\/div>\n<\/div>\n<div class=\"faq\">\n<div class=\"faq-left\"><b>Je veux vraiment travailler chez Willis Towers Watson, mais je ne satisfais pas aux exigences minimales du programme. Puis-je quand m\u00eame poser ma candidature?<\/b><\/div>\n<div class=\"faq-right\">Malheureusement, nous ne pouvons prendre en compte les candidatures qui ne r\u00e9pondent pas aux exigences minimales du programme. Nous nous devons d\u2019\u00eatre justes et coh\u00e9rents envers tous les candidats. Nous pourrions cependant avoir d\u2019autres postes qui correspondent \u00e0 votre profil.<a href=\"http:\/\/willistowerwatson-v2.site.findly.com\/fr-ca\/job-search-results\/\">Occasions de carri\u00e8re.<\/a><\/div>\n<\/div>\n<div class=\"faq\">\n<div class=\"faq-left\"><b>Dois-je fournir une lettre de pr\u00e9sentation ou de motivation?<\/b><\/div>\n<div class=\"faq-right\">Non. Vous devrez fournir les renseignements que vous incluriez normalement dans une lettre de pr\u00e9sentation ou de motivation dans le cadre du processus de pr\u00e9sentation de votre candidature.<\/div>\n<\/div>\n<div class=\"faq\">\n<div class=\"faq-left\"><b>Quel est le processus \u00e0 suivre pour poser ma candidature au programme d\u2019apprentissage?<\/b><\/div>\n<div class=\"faq-right\">\n<p>Vous devez franchir plusieurs \u00e9tapes pour soumettre votre candidature \u00e0 l\u2019un de nos programmes d\u2019apprentissage :<\/p>\n<div style=\"padding-top: 10px;\">Poser sa candidature en ligne \u2192 \u00c9valuation en ligne \u2192 Contr\u00f4le du CV \u2192 Entrevue vid\u00e9o \u2192 Centre d\u2019\u00e9valuation<\/div>\n<\/div>\n<\/div>\n<div class=\"faq\">\n<div class=\"faq-left\"><b>Quand se tiendront les examens aux centres d\u2019\u00e9valuation?<\/b><\/div>\n<div class=\"faq-right\">Nos centres d\u2019\u00e9valuation sont ouverts de f\u00e9vrier \u00e0 mai chaque ann\u00e9e.<\/div>\n<\/div>\n<div class=\"faq\">\n<div class=\"faq-left\"><b>J\u2019ai rat\u00e9 la date d\u2019\u00e9ch\u00e9ance de pr\u00e9sentation de candidature. Est-ce possible que vous receviez tout de m\u00eame ma candidature?<\/b><\/div>\n<div class=\"faq-right\">Notre entreprise est en pleine croissance et en constante \u00e9volution. Par cons\u00e9quent, il est toujours judicieux de rester \u00e0 l\u2019aff\u00fbt de nouvelles occasions pr\u00e9sent\u00e9es sur notre site Web. Il arrive m\u00eame que, \u00e0 l\u2019occasion, nous rouvrions le processus de recrutement pour les programmes d\u2019apprentissage apr\u00e8s l\u2019\u00e9ch\u00e9ance de la date limite.<\/div>\n<\/div>\n<div class=\"faq\">\n<div class=\"faq-left\"><b>Puis-je pr\u00e9senter de nouveau ma candidature, m\u00eame si celle-ci a d\u00e9j\u00e0 \u00e9t\u00e9 refus\u00e9e?<\/b><\/div>\n<div class=\"faq-right\">Nous sommes toujours heureux d\u2019accueillir des candidats qui poss\u00e8dent les comp\u00e9tences n\u00e9cessaires pour pourvoir tout poste que nous offrons. Nous sommes \u00e9galement heureux de prendre en compte les candidatures que nous avons d\u00e9j\u00e0 re\u00e7ues par le pass\u00e9. Cependant, nous vous demandons de n\u2019envoyer qu\u2019une candidature par poste et par cycle de recrutement. Si vous souhaitez pr\u00e9senter de nouveau votre candidature \u00e0 un poste lors du cycle de recrutement suivant, vous devez pr\u00e9senter une nouvelle demande. Veuillez prendre note que vous devrez faire la preuve que vous avez acquis de l\u2019exp\u00e9rience et de nouvelles comp\u00e9tences depuis la pr\u00e9sentation de votre demande pr\u00e9c\u00e9dente.<\/div>\n<\/div>\n<\/div>\n            <\/div>        <\/div>    <\/div><\/section>\n<\/div>\n<\/div><\/div><\/div><!-- close content main div --><\/div><\/div><div id='av_section_3' class='avia-section main_color avia-section-small avia-no-border-styling avia-bg-style-scroll  afaq-bottom full-width bg-cover av-minimum-height av-minimum-height-custom container_wrap fullsize' style = 'background-repeat: no-repeat; background-image: url(https:\/\/willistowerwatson.site.findly.com\/wp-content\/uploads\/sites\/3376\/2019\/03\/app-2.jpg); background-attachment: scroll; background-position: top left; ' data-section-bg-repeat='no-repeat' ><div class='container' style='height:310px'><div class='template-page content  av-content-full alpha units'><div class='post-entry post-entry-type-page post-entry-8498'><div class='entry-content-wrapper clearfix'>\n<div class='flex_column_table av-equal-height-column-flextable' ><div class=\"flex_column av_one_full  flex_column_table_cell av-equal-height-column av-align-bottom av-zero-column-padding first   \" style='border-radius:0px; '><section class=\"av_textblock_section\"  itemscope=\"itemscope\" itemtype=\"https:\/\/schema.org\/CreativeWork\" ><div class='avia_textblock '   itemprop=\"text\" ><div class=\"pink-btn\"><a href=\"http:\/\/willistowerwatson-v2.site.findly.com\/fr-ca\/early-careers\/apprenticeships\/\">D\u00c9COUVREZ NOS PROGRAMMES D\u2019APPRENTISSAGE <span><img decoding=\"async\" class=\"white-arr\" src=\"\/wp-content\/uploads\/sites\/747\/2019\/02\/Arrow-white.png\" \/><\/span><\/a><\/div>\n<\/div><\/section><\/div><\/div><!--close column table wrapper. Autoclose:  -->\n<\/p>\n","protected":false},"excerpt":{"rendered":"","protected":false},"author":529,"featured_media":0,"parent":8489,"menu_order":0,"comment_status":"closed","ping_status":"closed","template":"","meta":{"pgc_meta":"","footnotes":""},"location_type":[],"class_list":["post-8498","page","type-page","status-publish","hentry"],"yoast_head":"<!-- This site is optimized with the Yoast SEO Premium plugin v23.0 (Yoast SEO v23.0) - https:\/\/yoast.com\/wordpress\/plugins\/seo\/ -->\n<title>Foire aux questions \u2013 Programmes d\u2019apprentissage - Willis Towers Watson<\/title>\n<meta name=\"robots\" content=\"index, follow, max-snippet:-1, max-image-preview:large, max-video-preview:-1\" \/>\n<link rel=\"canonical\" href=\"https:\/\/careers.wtwco.com\/fr-ca\/early-careers\/apprenticeships\/apprenticeship-faqs\/\" \/>\n<meta property=\"og:locale\" content=\"fr_CA\" \/>\n<meta property=\"og:type\" content=\"article\" \/>\n<meta property=\"og:title\" content=\"APPRENTICESHIP FAQs\" \/>\n<meta property=\"og:url\" content=\"https:\/\/careers.wtwco.com\/fr-ca\/early-careers\/apprenticeships\/apprenticeship-faqs\/\" \/>\n<meta property=\"article:modified_time\" content=\"2019-07-02T10:55:08+00:00\" \/>\n<meta property=\"og:image\" content=\"https:\/\/willistowerwatson.site.findly.com\/wp-content\/uploads\/sites\/747\/2019\/02\/Arrow-white.png\" \/>\n<meta name=\"twitter:label1\" content=\"Estimation du temps de lecture\" \/>\n\t<meta name=\"twitter:data1\" content=\"7 minutes\" \/>\n<script type=\"application\/ld+json\" class=\"yoast-schema-graph\">{\"@context\":\"https:\/\/schema.org\",\"@graph\":[{\"@type\":\"WebPage\",\"@id\":\"https:\/\/careers.wtwco.com\/fr-ca\/early-careers\/apprenticeships\/apprenticeship-faqs\/\",\"url\":\"https:\/\/careers.wtwco.com\/fr-ca\/early-careers\/apprenticeships\/apprenticeship-faqs\/\",\"name\":\"Foire aux questions \u2013 Programmes d\u2019apprentissage - Willis Towers Watson\",\"isPartOf\":{\"@id\":\"https:\/\/careers.wtwco.com\/#website\"},\"datePublished\":\"2019-04-30T09:47:02+00:00\",\"dateModified\":\"2019-07-02T10:55:08+00:00\",\"breadcrumb\":{\"@id\":\"https:\/\/careers.wtwco.com\/fr-ca\/early-careers\/apprenticeships\/apprenticeship-faqs\/#breadcrumb\"},\"inLanguage\":\"fr-CA\",\"potentialAction\":[{\"@type\":\"ReadAction\",\"target\":[\"https:\/\/careers.wtwco.com\/fr-ca\/early-careers\/apprenticeships\/apprenticeship-faqs\/\"]}]},{\"@type\":\"BreadcrumbList\",\"@id\":\"https:\/\/careers.wtwco.com\/fr-ca\/early-careers\/apprenticeships\/apprenticeship-faqs\/#breadcrumb\",\"itemListElement\":[{\"@type\":\"ListItem\",\"position\":1,\"name\":\"Home\",\"item\":\"https:\/\/careers.wtwco.com\/fr-ca\/\"},{\"@type\":\"ListItem\",\"position\":2,\"name\":\"Early Careers\",\"item\":\"https:\/\/careers.wtwco.com\/fr-ca\/early-careers\/\"},{\"@type\":\"ListItem\",\"position\":3,\"name\":\"APPRENTICESHIPS\",\"item\":\"https:\/\/careers.wtwco.com\/fr-ca\/early-careers\/apprenticeships\/\"},{\"@type\":\"ListItem\",\"position\":4,\"name\":\"APPRENTICESHIP FAQs\"}]},{\"@type\":\"WebSite\",\"@id\":\"https:\/\/careers.wtwco.com\/#website\",\"url\":\"https:\/\/careers.wtwco.com\/\",\"name\":\"\",\"description\":\"ibee Demo Site\",\"potentialAction\":[{\"@type\":\"SearchAction\",\"target\":{\"@type\":\"EntryPoint\",\"urlTemplate\":\"https:\/\/careers.wtwco.com\/?s={search_term_string}\"},\"query-input\":\"required name=search_term_string\"}],\"inLanguage\":\"fr-CA\"}]}<\/script>\n<!-- \/ Yoast SEO Premium plugin. -->","yoast_head_json":{"title":"Foire aux questions \u2013 Programmes d\u2019apprentissage - Willis Towers Watson","robots":{"index":"index","follow":"follow","max-snippet":"max-snippet:-1","max-image-preview":"max-image-preview:large","max-video-preview":"max-video-preview:-1"},"canonical":"https:\/\/careers.wtwco.com\/fr-ca\/early-careers\/apprenticeships\/apprenticeship-faqs\/","og_locale":"fr_CA","og_type":"article","og_title":"APPRENTICESHIP FAQs","og_url":"https:\/\/careers.wtwco.com\/fr-ca\/early-careers\/apprenticeships\/apprenticeship-faqs\/","article_modified_time":"2019-07-02T10:55:08+00:00","og_image":[{"url":"https:\/\/willistowerwatson.site.findly.com\/wp-content\/uploads\/sites\/747\/2019\/02\/Arrow-white.png"}],"twitter_misc":{"Estimation du temps de lecture":"7 minutes"},"schema":{"@context":"https:\/\/schema.org","@graph":[{"@type":"WebPage","@id":"https:\/\/careers.wtwco.com\/fr-ca\/early-careers\/apprenticeships\/apprenticeship-faqs\/","url":"https:\/\/careers.wtwco.com\/fr-ca\/early-careers\/apprenticeships\/apprenticeship-faqs\/","name":"Foire aux questions \u2013 Programmes d\u2019apprentissage - Willis Towers Watson","isPartOf":{"@id":"https:\/\/careers.wtwco.com\/#website"},"datePublished":"2019-04-30T09:47:02+00:00","dateModified":"2019-07-02T10:55:08+00:00","breadcrumb":{"@id":"https:\/\/careers.wtwco.com\/fr-ca\/early-careers\/apprenticeships\/apprenticeship-faqs\/#breadcrumb"},"inLanguage":"fr-CA","potentialAction":[{"@type":"ReadAction","target":["https:\/\/careers.wtwco.com\/fr-ca\/early-careers\/apprenticeships\/apprenticeship-faqs\/"]}]},{"@type":"BreadcrumbList","@id":"https:\/\/careers.wtwco.com\/fr-ca\/early-careers\/apprenticeships\/apprenticeship-faqs\/#breadcrumb","itemListElement":[{"@type":"ListItem","position":1,"name":"Home","item":"https:\/\/careers.wtwco.com\/fr-ca\/"},{"@type":"ListItem","position":2,"name":"Early Careers","item":"https:\/\/careers.wtwco.com\/fr-ca\/early-careers\/"},{"@type":"ListItem","position":3,"name":"APPRENTICESHIPS","item":"https:\/\/careers.wtwco.com\/fr-ca\/early-careers\/apprenticeships\/"},{"@type":"ListItem","position":4,"name":"APPRENTICESHIP FAQs"}]},{"@type":"WebSite","@id":"https:\/\/careers.wtwco.com\/#website","url":"https:\/\/careers.wtwco.com\/","name":"","description":"ibee Demo Site","potentialAction":[{"@type":"SearchAction","target":{"@type":"EntryPoint","urlTemplate":"https:\/\/careers.wtwco.com\/?s={search_term_string}"},"query-input":"required name=search_term_string"}],"inLanguage":"fr-CA"}]}},"pgc_meta":"","_links":{"self":[{"href":"https:\/\/willistowerwatson.site.findly.com\/fr-ca\/wp-json\/wp\/v2\/pages\/8498","targetHints":{"allow":["GET"]}}],"collection":[{"href":"https:\/\/willistowerwatson.site.findly.com\/fr-ca\/wp-json\/wp\/v2\/pages"}],"about":[{"href":"https:\/\/willistowerwatson.site.findly.com\/fr-ca\/wp-json\/wp\/v2\/types\/page"}],"author":[{"embeddable":true,"href":"https:\/\/willistowerwatson.site.findly.com\/fr-ca\/wp-json\/wp\/v2\/users\/529"}],"replies":[{"embeddable":true,"href":"https:\/\/willistowerwatson.site.findly.com\/fr-ca\/wp-json\/wp\/v2\/comments?post=8498"}],"version-history":[{"count":1,"href":"https:\/\/willistowerwatson.site.findly.com\/fr-ca\/wp-json\/wp\/v2\/pages\/8498\/revisions"}],"predecessor-version":[{"id":29494,"href":"https:\/\/willistowerwatson.site.findly.com\/fr-ca\/wp-json\/wp\/v2\/pages\/8498\/revisions\/29494"}],"up":[{"embeddable":true,"href":"https:\/\/willistowerwatson.site.findly.com\/fr-ca\/wp-json\/wp\/v2\/pages\/8489"}],"wp:attachment":[{"href":"https:\/\/willistowerwatson.site.findly.com\/fr-ca\/wp-json\/wp\/v2\/media?parent=8498"}],"wp:term":[{"taxonomy":"location_type","embeddable":true,"href":"https:\/\/willistowerwatson.site.findly.com\/fr-ca\/wp-json\/wp\/v2\/location_type?post=8498"}],"curies":[{"name":"wp","href":"https:\/\/api.w.org\/{rel}","templated":true}]}}