{"id":8572,"date":"2019-04-30T10:17:22","date_gmt":"2019-04-30T10:17:22","guid":{"rendered":"http:\/\/willistowerwatson-v2.site.findly.com\/?page_id=8572\/"},"modified":"2019-07-02T11:02:35","modified_gmt":"2019-07-02T11:02:35","slug":"hints-and-tips","status":"publish","type":"page","link":"https:\/\/willistowerwatson.site.findly.com\/fr-ca\/hints-and-tips\/","title":{"rendered":"Hints and Tips"},"content":{"rendered":"<\/div><\/div><\/div><!-- close content main div --><\/div><\/div><div id='av_section_1' class='avia-section main_color avia-section-small avia-no-border-styling avia-bg-style-scroll  search-banner new-search container_wrap fullsize'   ><div class='container' ><div class='template-page content  av-content-full alpha units'><div class='post-entry post-entry-type-page post-entry-8572'><div class='entry-content-wrapper clearfix'>\n<div class='flex_column_table av-equal-height-column-flextable' ><div class=\"flex_column av_two_third  flex_column_table_cell av-equal-height-column av-align-top av-zero-column-padding first   \" style='border-radius:0px; '><div class='avia-builder-widget-area clearfix '><div id=\"widget_job_search_v2-6\" class=\"widget clearfix widget-jobsearch widget-jobsearch-v2\"><form method=\"GET\" id=\"cws_quickjobsearch\" role=\"search\" class=\"clearfix g-cols offset_medium\" action=\"\/fr-ca\/job-search-results\/\"><div class=\"quicksearch-field quicksearch-SearchText first avia-builder-el-first  flex_column av_one_half horizontal\"><div class=\"w-form-row\"><div class=\"w-form-row-label\"><label for=\"cws_quickjobsearch_keywords\">Nom du poste ou cat\u00e9gorie d\u2019emploi<\/label><\/div><div class=\"w-form-row-field\"><input type=\"text\" class=\"text_input keyword_suggest\" name=\"keyword\" id=\"cws_quickjobsearch_keywords\" data-autocomplete_limit=\"5\" placeholder=\"Nom du poste ou cat\u00e9gorie d\u2019emploi\"  data-param=\"SearchText\" aria-describedby=\"keyword-help\" value=\"\" \/><span id=\"keyword-help\" class=\"visually-hidden sr-only\" aria-live=\"polite\">Begin typing to find suggestions.<\/span><span class=\"w-form-row-field-bar\"><\/span><\/div><input type=\"hidden\" name=\"fuzzy\" id=\"cws_quickjobsearch_fuzzy\" data-param=\"fuzzy\" value=\"\" \/><\/div><\/div><div class=\"quicksearch-btn avia-builder-el-last flex_column av_one_half\"><input class=\"avia-button avia-color-theme-color avia-size-small quicksearch-submit\" type=\"submit\" value=\"trouver  du travail\" \/><\/div><\/form><\/div><\/div><\/div><div class='av-flex-placeholder'><\/div><div class=\"flex_column av_one_third  flex_column_table_cell av-equal-height-column av-align-top av-zero-column-padding   right-search \" style='border-radius:0px; '><\/div><\/div><!--close column table wrapper. Autoclose:  --><div id='layer_slider_1' class='avia-layerslider main_color avia-shadow  container_wrap fullsize'    style='height: 601px;' ><\/div><\/p>\n<div id='layer_slider_2' class='avia-layerslider main_color avia-shadow  container_wrap fullsize'    style='height: 1141px;' ><\/div>\n<\/div><\/div><\/div><!-- close content main div --><\/div><\/div><div id='av_section_2' class='avia-section main_color avia-section-no-padding avia-no-border-styling avia-bg-style-scroll  full-width faq-outer extra-bot-space container_wrap fullsize'   ><div class='container' ><div class='template-page content  av-content-full alpha units'><div class='post-entry post-entry-type-page post-entry-8572'><div class='entry-content-wrapper clearfix'>\n<div class=\"togglecontainer toggle_close_all  faq-acc hint-acc\">\n<section class=\"av_toggle_section\"  itemscope=\"itemscope\" itemtype=\"https:\/\/schema.org\/CreativeWork\" >    <div class=\"single_toggle\" data-tags=\"{All} \" >        <p data-fake-id=\"#toggle-id-1\" class=\"toggler activeTitle\"  itemprop=\"headline\" >Conseils et<strong><u> astuces pour l\u2019entrevue<\/u><\/strong><span class=\"toggle_icon\">        <span class=\"vert_icon\"><\/span><span class=\"hor_icon\"><\/span><\/span><\/p>        <div id=\"toggle-id-1-container\" class=\"toggle_wrap active_tc\" >            <div class=\"toggle_content invers-color\"  itemprop=\"text\" ><div class=\"faq-main\">\n<div class=\"faq\">\n<div class=\"faq-left\"><b>\u00c0 propos de notre entreprise<\/b><\/div>\n<div class=\"faq-right\">Nous n\u2019attendons pas de vous une ma\u00eetrise parfaite de tous les aspects de notre organisation. Cependant, sachez que les candidats qui r\u00e9ussissent le mieux les entrevues ont normalement une connaissance g\u00e9n\u00e9rale de nos activit\u00e9s d\u2019entreprise. Si vous voulez en apprendre davantage sur nous, commencez par LinkedIn et Glassdoor. Vous pouvez \u00e9galement consulter d\u2019autres r\u00e9seaux sociaux o\u00f9 notre organisation est pr\u00e9sente, comme Facebook, Twitter et Instagram. Pour toutes les plus r\u00e9centes nouvelles concernant Willis Towers Watson, rendez-vous sur son site Web, sous l\u2019onglet M\u00e9dias.<a href=\"https:\/\/www.willistowerswatson.com\/en\/press#sort=%40displayz45xdate%20descending\" target=\"_blank\" rel=\"noopener noreferrer\">press <\/a>Sinon, vous pouvez faire une recherche dans Google de notre nom et parcourir les r\u00e9sultats.<\/div>\n<\/div>\n<div class=\"faq\">\n<div class=\"faq-left\"><b>Pr\u00e9parez vos questions<\/b><\/div>\n<div class=\"faq-right\">En posant des questions \u00e9clair\u00e9es sur notre entreprise et sur nos offres d\u2019emplois, vous montrez que vous prenez le processus au s\u00e9rieux. Par exemple, vous pourriez vouloir en savoir plus sur le poste lui-m\u00eame, ainsi que sur la fonction de ce poste dans l\u2019entreprise. N\u2019h\u00e9sitez pas \u00e0 noter vos questions et \u00e0 les apporter lors de l\u2019entrevue.<\/div>\n<\/div>\n<div class=\"faq\">\n<div class=\"faq-left\"><b>Exercez-vous \u00e0 r\u00e9pondre aux questions<\/b><\/div>\n<div class=\"faq-right\">\n<p>Avant l\u2019entrevue, r\u00e9fl\u00e9chissez \u00e0 votre exp\u00e9rience, \u00e0 vos comp\u00e9tences et \u00e0 vos int\u00e9r\u00eats. Pr\u00e9parez-vous \u00e0 expliquer en quoi ces \u00e9l\u00e9ments font de vous le candidat id\u00e9al pour le poste. Exercez-vous \u00e0 illustrer vos propos par des exemples pr\u00e9cis; c\u2019est tr\u00e8s important. Voici le type de questions que nous posons :<\/p>\n<ul>\n<li>Que savez-vous de Willis Towers Watson?<\/li>\n<li>Parmi toutes vos r\u00e9alisations, laquelle vous rend le plus fier?<\/li>\n<li>Pourquoi voulez-vous travailler chez nous?<\/li>\n<li>\u00c0 quel aspect de votre carri\u00e8re accordez-vous le plus d\u2019importance?<\/li>\n<li>Qu\u2019est-ce qui vous motive?<\/li>\n<li>En quoi comblez-vous les besoins du gestionnaire-recruteur? Nous souhaitons conna\u00eetre les comp\u00e9tences uniques dont vous pourriez faire b\u00e9n\u00e9ficier l&rsquo;entreprise dans le cadre de l&rsquo;exercice de vos fonctions.<\/li>\n<\/ul>\n<\/div>\n<\/div>\n<div class=\"faq\">\n<div class=\"faq-left\"><b>Planifiez votre journ\u00e9e<\/b><\/div>\n<div class=\"faq-right\">\n<p>Pr\u00e9parez tous vos documents. Faites imprimer un nouvel exemplaire de votre CV et votre liste de questions, et assurez-vous d\u2019apporter ces documents avec vous.<\/p>\n<p>Ayez une tenue vestimentaire appropri\u00e9e. Si vous portez un complet ou des v\u00eatements professionnels et propres, cela convient tout \u00e0 fait. Mais sachez que chez Willis Towers Watson, nous nous habillons en fonction des activit\u00e9s de la journ\u00e9e. Vous pouvez donc vous attendre \u00e0 ce que de nombreux coll\u00e8gues portent une tenue professionnelle d\u00e9contract\u00e9e.<\/p>\n<p>Arrivez \u00e0 l\u2019heure. Planifiez vos d\u00e9placements. Sachez comment vous vous rendrez \u00e0 l\u2019entrevue. Partez plus t\u00f4t que n\u00e9cessaire. Vous devez arriver au bureau au moins 10 minutes \u00e0 l\u2019avance afin d\u2019avoir le temps de passer par la s\u00e9curit\u00e9 ou de vous conformer \u00e0 tout autre processus qui pourrait occasionner un retard.<\/p>\n<\/div>\n<\/div>\n<div class=\"faq\">\n<div class=\"faq-left\"><b>Pendant l\u2019entrevue<\/b><\/div>\n<div class=\"faq-right\">\n<p>Soyez vous-m\u00eame. Bien que vous deviez veiller \u00e0 vous montrer professionnel, n\u2019h\u00e9sitez surtout pas \u00e0 mettre votre personnalit\u00e9 en valeur.<\/p>\n<p>Pensez \u00e0 votre gestuelle. Pendant une entrevue, le non-verbal est aussi important que les paroles. Le fait de comprendre l\u2019effet de votre expression corporelle et d\u2019en user \u00e0 votre avantage \u2013 en souriant, en regardant dans les yeux et en adoptant une bonne posture \u2013 vous aidera \u00e0 exceller pendant votre entrevue.<\/p>\n<p>Maintenez le contr\u00f4le. Il est normal d\u2019\u00eatre nerveux pendant une entrevue. Souvenez-vous qu\u2019il n\u2019y a aucun mal \u00e0 faire des petites pauses avant de r\u00e9pondre aux questions pos\u00e9es. Ceci vous permettra de vous recentrer, de bien r\u00e9fl\u00e9chir \u00e0 votre r\u00e9ponse. Vous pouvez \u00e9galement demander des pr\u00e9cisions, au besoin.<\/p>\n<p>Faites connaissance avec les autres. Si l\u2019on vous fait faire une visite des bureaux ou que vous avez l\u2019occasion de discuter avec des coll\u00e8gues \u00e9ventuels, souvenez-vous que leurs commentaires \u00e0 votre \u00e9gard pourraient peser dans la balance. Ne dites rien ou ne faites rien qui ne serait pas appropri\u00e9 lors d\u2019un entretien officiel.<\/p>\n<p>N\u2019oubliez pas de dire merci. Envoyez une petite note ou un bref courriel de remerciement \u00e0 chaque personne qui a pris le temps de s\u2019entretenir avec vous. Les responsables des entrevues consid\u00e9reront cette note ou ce courriel comme un gage de votre attention aux d\u00e9tails et de votre int\u00e9r\u00eat pour le poste.<\/p>\n<\/div>\n<\/div>\n<\/div>\n            <\/div>        <\/div>    <\/div><\/section>\n<\/div>\n\n","protected":false},"excerpt":{"rendered":"","protected":false},"author":529,"featured_media":0,"parent":0,"menu_order":0,"comment_status":"closed","ping_status":"closed","template":"","meta":{"pgc_meta":"","footnotes":""},"location_type":[],"class_list":["post-8572","page","type-page","status-publish","hentry"],"yoast_head":"<!-- This site is optimized with the Yoast SEO Premium plugin v23.0 (Yoast SEO v23.0) - https:\/\/yoast.com\/wordpress\/plugins\/seo\/ -->\n<title>Conseils et astuces pour l\u2019entrevue - Willis Towers Watson<\/title>\n<meta name=\"robots\" content=\"index, follow, max-snippet:-1, max-image-preview:large, max-video-preview:-1\" \/>\n<link rel=\"canonical\" href=\"https:\/\/careers.wtwco.com\/fr-ca\/hints-and-tips\/\" \/>\n<meta property=\"og:locale\" content=\"fr_CA\" \/>\n<meta property=\"og:type\" content=\"article\" \/>\n<meta property=\"og:title\" content=\"Hints and Tips\" \/>\n<meta property=\"og:url\" content=\"https:\/\/careers.wtwco.com\/fr-ca\/hints-and-tips\/\" \/>\n<meta property=\"article:modified_time\" content=\"2019-07-02T11:02:35+00:00\" \/>\n<meta name=\"twitter:label1\" content=\"Estimation du temps de lecture\" \/>\n\t<meta name=\"twitter:data1\" content=\"5 minutes\" \/>\n<script type=\"application\/ld+json\" class=\"yoast-schema-graph\">{\"@context\":\"https:\/\/schema.org\",\"@graph\":[{\"@type\":\"WebPage\",\"@id\":\"https:\/\/careers.wtwco.com\/fr-ca\/hints-and-tips\/\",\"url\":\"https:\/\/careers.wtwco.com\/fr-ca\/hints-and-tips\/\",\"name\":\"Conseils et astuces pour l\u2019entrevue - Willis Towers Watson\",\"isPartOf\":{\"@id\":\"https:\/\/careers.wtwco.com\/#website\"},\"datePublished\":\"2019-04-30T10:17:22+00:00\",\"dateModified\":\"2019-07-02T11:02:35+00:00\",\"breadcrumb\":{\"@id\":\"https:\/\/careers.wtwco.com\/fr-ca\/hints-and-tips\/#breadcrumb\"},\"inLanguage\":\"fr-CA\",\"potentialAction\":[{\"@type\":\"ReadAction\",\"target\":[\"https:\/\/careers.wtwco.com\/fr-ca\/hints-and-tips\/\"]}]},{\"@type\":\"BreadcrumbList\",\"@id\":\"https:\/\/careers.wtwco.com\/fr-ca\/hints-and-tips\/#breadcrumb\",\"itemListElement\":[{\"@type\":\"ListItem\",\"position\":1,\"name\":\"Home\",\"item\":\"https:\/\/careers.wtwco.com\/fr-ca\/\"},{\"@type\":\"ListItem\",\"position\":2,\"name\":\"Hints and Tips\"}]},{\"@type\":\"WebSite\",\"@id\":\"https:\/\/careers.wtwco.com\/#website\",\"url\":\"https:\/\/careers.wtwco.com\/\",\"name\":\"\",\"description\":\"ibee Demo Site\",\"potentialAction\":[{\"@type\":\"SearchAction\",\"target\":{\"@type\":\"EntryPoint\",\"urlTemplate\":\"https:\/\/careers.wtwco.com\/?s={search_term_string}\"},\"query-input\":\"required name=search_term_string\"}],\"inLanguage\":\"fr-CA\"}]}<\/script>\n<!-- \/ Yoast SEO Premium plugin. -->","yoast_head_json":{"title":"Conseils et astuces pour l\u2019entrevue - Willis Towers Watson","robots":{"index":"index","follow":"follow","max-snippet":"max-snippet:-1","max-image-preview":"max-image-preview:large","max-video-preview":"max-video-preview:-1"},"canonical":"https:\/\/careers.wtwco.com\/fr-ca\/hints-and-tips\/","og_locale":"fr_CA","og_type":"article","og_title":"Hints and Tips","og_url":"https:\/\/careers.wtwco.com\/fr-ca\/hints-and-tips\/","article_modified_time":"2019-07-02T11:02:35+00:00","twitter_misc":{"Estimation du temps de lecture":"5 minutes"},"schema":{"@context":"https:\/\/schema.org","@graph":[{"@type":"WebPage","@id":"https:\/\/careers.wtwco.com\/fr-ca\/hints-and-tips\/","url":"https:\/\/careers.wtwco.com\/fr-ca\/hints-and-tips\/","name":"Conseils et astuces pour l\u2019entrevue - Willis Towers Watson","isPartOf":{"@id":"https:\/\/careers.wtwco.com\/#website"},"datePublished":"2019-04-30T10:17:22+00:00","dateModified":"2019-07-02T11:02:35+00:00","breadcrumb":{"@id":"https:\/\/careers.wtwco.com\/fr-ca\/hints-and-tips\/#breadcrumb"},"inLanguage":"fr-CA","potentialAction":[{"@type":"ReadAction","target":["https:\/\/careers.wtwco.com\/fr-ca\/hints-and-tips\/"]}]},{"@type":"BreadcrumbList","@id":"https:\/\/careers.wtwco.com\/fr-ca\/hints-and-tips\/#breadcrumb","itemListElement":[{"@type":"ListItem","position":1,"name":"Home","item":"https:\/\/careers.wtwco.com\/fr-ca\/"},{"@type":"ListItem","position":2,"name":"Hints and Tips"}]},{"@type":"WebSite","@id":"https:\/\/careers.wtwco.com\/#website","url":"https:\/\/careers.wtwco.com\/","name":"","description":"ibee Demo Site","potentialAction":[{"@type":"SearchAction","target":{"@type":"EntryPoint","urlTemplate":"https:\/\/careers.wtwco.com\/?s={search_term_string}"},"query-input":"required name=search_term_string"}],"inLanguage":"fr-CA"}]}},"pgc_meta":"","_links":{"self":[{"href":"https:\/\/willistowerwatson.site.findly.com\/fr-ca\/wp-json\/wp\/v2\/pages\/8572","targetHints":{"allow":["GET"]}}],"collection":[{"href":"https:\/\/willistowerwatson.site.findly.com\/fr-ca\/wp-json\/wp\/v2\/pages"}],"about":[{"href":"https:\/\/willistowerwatson.site.findly.com\/fr-ca\/wp-json\/wp\/v2\/types\/page"}],"author":[{"embeddable":true,"href":"https:\/\/willistowerwatson.site.findly.com\/fr-ca\/wp-json\/wp\/v2\/users\/529"}],"replies":[{"embeddable":true,"href":"https:\/\/willistowerwatson.site.findly.com\/fr-ca\/wp-json\/wp\/v2\/comments?post=8572"}],"version-history":[{"count":1,"href":"https:\/\/willistowerwatson.site.findly.com\/fr-ca\/wp-json\/wp\/v2\/pages\/8572\/revisions"}],"predecessor-version":[{"id":29498,"href":"https:\/\/willistowerwatson.site.findly.com\/fr-ca\/wp-json\/wp\/v2\/pages\/8572\/revisions\/29498"}],"wp:attachment":[{"href":"https:\/\/willistowerwatson.site.findly.com\/fr-ca\/wp-json\/wp\/v2\/media?parent=8572"}],"wp:term":[{"taxonomy":"location_type","embeddable":true,"href":"https:\/\/willistowerwatson.site.findly.com\/fr-ca\/wp-json\/wp\/v2\/location_type?post=8572"}],"curies":[{"name":"wp","href":"https:\/\/api.w.org\/{rel}","templated":true}]}}