{"id":23355,"date":"2020-04-23T05:49:00","date_gmt":"2020-04-23T05:49:00","guid":{"rendered":"https:\/\/willistowerwatson-v1.site.findly.com\/portraits\/our-stories-family-life\/"},"modified":"2022-12-26T06:16:35","modified_gmt":"2022-12-26T06:16:35","slug":"portraits-vie-familiale","status":"publish","type":"page","link":"https:\/\/willistowerwatson.site.findly.com\/fr\/portraits\/portraits-vie-familiale\/","title":{"rendered":"PORTRAITS Vie familiale"},"content":{"rendered":"<\/div><\/div><\/div><!-- close content main div --><\/div><\/div><div id='av_section_1' class='avia-section main_color avia-section-small avia-no-border-styling avia-bg-style-scroll  search-banner new-search container_wrap fullsize'   ><div class='container' ><div class='template-page content  av-content-full alpha units'><div class='post-entry post-entry-type-page post-entry-23355'><div class='entry-content-wrapper clearfix'>\n<div class='flex_column_table av-equal-height-column-flextable' ><div class=\"flex_column av_two_third  flex_column_table_cell av-equal-height-column av-align-top av-zero-column-padding first   \" style='border-radius:0px; '><div class='avia-builder-widget-area clearfix '><div id=\"widget_job_search_v2-8\" class=\"widget clearfix widget-jobsearch widget-jobsearch-v2\"><form method=\"GET\" id=\"cws_quickjobsearch\" role=\"search\" class=\"clearfix g-cols offset_medium\" action=\"\/fr\/job-search-results\/\"><div class=\"quicksearch-field quicksearch-SearchText first avia-builder-el-first  flex_column av_one_half horizontal\"><div class=\"w-form-row\"><div class=\"w-form-row-label\"><label for=\"cws_quickjobsearch_keywords\">Intitul\u00e9 de poste ou domaine d'activit\u00e9<\/label><\/div><div class=\"w-form-row-field\"><input type=\"text\" class=\"text_input keyword_suggest\" name=\"keyword\" id=\"cws_quickjobsearch_keywords\" data-autocomplete_limit=\"5\" placeholder=\"Intitul\u00e9 de poste ou domaine d'activit\u00e9\"  data-param=\"SearchText\" aria-describedby=\"keyword-help\" value=\"\" \/><span id=\"keyword-help\" class=\"visually-hidden sr-only\" aria-live=\"polite\">Begin typing to find suggestions.<\/span><span class=\"w-form-row-field-bar\"><\/span><\/div><input type=\"hidden\" name=\"fuzzy\" id=\"cws_quickjobsearch_fuzzy\" data-param=\"fuzzy\" value=\"\" \/><\/div><\/div><div class=\"quicksearch-btn avia-builder-el-last flex_column av_one_half\"><input class=\"avia-button avia-color-theme-color avia-size-small quicksearch-submit\" type=\"submit\" value=\"RECHERCHER UN POSTE\" \/><\/div><\/form><\/div><\/div><\/div><div class='av-flex-placeholder'><\/div><div class=\"flex_column av_one_third  flex_column_table_cell av-equal-height-column av-align-top av-zero-column-padding   right-search \" style='border-radius:0px; '><section class=\"av_textblock_section\"  itemscope=\"itemscope\" itemtype=\"https:\/\/schema.org\/CreativeWork\" ><div class='avia_textblock '   itemprop=\"text\" ><p>Pour rester inform\u00e9 sur nos opportunit\u00e9s: <a href=\"https:\/\/eedu.fa.em3.oraclecloud.com\/hcmUI\/CandidateExperience\/en\/sites\/CX_1003\/tc-join?mode=location\" class=\"right-link\" target=\"_blank\" rel=\"noopener noreferrer\">Rejoignez notre r\u00e9seau de talents<\/a><\/p>\n<\/div><\/section><\/div><\/div><!--close column table wrapper. Autoclose:  --><\/div><\/div><\/div><!-- close content main div --><\/div><\/div><div id='av_section_2' class='avia-section main_color avia-section-no-padding avia-no-border-styling avia-bg-style-scroll  blog-banner container_wrap fullsize'   ><div class='container' ><div class='template-page content  av-content-full alpha units'><div class='post-entry post-entry-type-page post-entry-23355'><div class='entry-content-wrapper clearfix'>\n<section class=\"avia_codeblock_section avia_code_block_0\"  itemscope=\"itemscope\" itemtype=\"https:\/\/schema.org\/CreativeWork\" ><div class='avia_codeblock blog-banner-desk desktop-visible'  itemprop=\"text\" > [avia_codeblock_placeholder uid=\"0\"] <\/div><\/section>\n<section class=\"avia_codeblock_section avia_code_block_1\"  itemscope=\"itemscope\" itemtype=\"https:\/\/schema.org\/CreativeWork\" ><div class='avia_codeblock mobile-visible blog-slider-mobile'  itemprop=\"text\" > [avia_codeblock_placeholder uid=\"1\"] <\/div><\/section>\n<\/p>\n<\/div><\/div><\/div><!-- close content main div --><\/div><\/div><div id='av_section_3' class='avia-section main_color avia-section-default avia-no-border-styling avia-bg-style-scroll  pink-hover place-for-possibilities blog-dec-main container_wrap fullsize'   ><div class='container' ><div class='template-page content  av-content-full alpha units'><div class='post-entry post-entry-type-page post-entry-23355'><div class='entry-content-wrapper clearfix'>\n<section class=\"av_textblock_section\"  itemscope=\"itemscope\" itemtype=\"https:\/\/schema.org\/CreativeWork\" ><div class='avia_textblock rec-up txt-center width-800'   itemprop=\"text\" ><p>Nous pensons que nos similitudes nous unissent et que nos diff\u00e9rences nous rendent plus forts. Avec plus de 45 000 coll\u00e8gues dans le monde entier, notre succ\u00e8s repose sur l&rsquo;inclusion, la diversit\u00e9 et l\u2019esprit d&rsquo;\u00e9quipe.<\/p>\n<p>Nos collaborateurss nous racontent leurs histoires et leurs exp\u00e9riences; ils partagent ce qu&rsquo;est r\u00e9ellement la vie au sein du groupe Willis Towers Watson.<\/p>\n<\/div><\/section>\n\n<\/div><\/div><\/div><!-- close content main div --><\/div><\/div><div id='av_section_4' class='avia-section main_color avia-section-no-padding avia-no-border-styling avia-bg-style-scroll  blog-refine container_wrap fullsize'   ><div class='container' ><div class='template-page content  av-content-full alpha units'><div class='post-entry post-entry-type-page post-entry-23355'><div class='entry-content-wrapper clearfix'>\n<div class=\"togglecontainer toggle_close_all  blog-refine-cat\">\n<section class=\"av_toggle_section\"  itemscope=\"itemscope\" itemtype=\"https:\/\/schema.org\/CreativeWork\" >    <div class=\"single_toggle\" data-tags=\"{Tout} \" >        <p data-fake-id=\"#toggle-id-1\" class=\"toggler \"  itemprop=\"headline\" >DEFINIR VOTRE RECHERCHE<span class=\"toggle_icon\">        <span class=\"vert_icon\"><\/span><span class=\"hor_icon\"><\/span><\/span><\/p>        <div id=\"toggle-id-1-container\" class=\"toggle_wrap \" >            <div class=\"toggle_content invers-color\"  itemprop=\"text\" ><div class=\"refine-wrapper-back\">\n<ul class=\"our-stories-section__list\">\n<li class=\"our-stories-section__link\"><a href=\"https:\/\/willistowerwatson-v1.site.findly.com\/fr\/portraits\/#portraits\" class=\"our-stories-section__link\" id=\"all\">R\u00e9initialiser<span><img decoding=\"async\" class=\"white-arr\" src=\"\/wp-content\/uploads\/sites\/1216\/2020\/04\/black-arrow.png\" alt=\"\" \/><\/span><\/a><\/li>\n<\/ul>\n<\/div>\n<div class=\"refine-wrapper-inner\">\n<ul class=\"our-stories-section__list\">\n<li class=\"our-stories-section__link\"><a href=\"https:\/\/willistowerwatson-v1.site.findly.com\/fr\/portraits\/portraits-mywtw\/#portraits\" class=\"our-stories-section__link\" id=\"MyWTW\">#MyWTW<span> <img decoding=\"async\" class=\"white-arr\" src=\"\/wp-content\/uploads\/sites\/747\/2019\/02\/Arrow-white.png\" alt=\"\" \/><\/span><\/a><\/li>\n<li class=\"our-stories-section__link\"><a href=\"https:\/\/willistowerwatson-v1.site.findly.com\/fr\/portraits\/portraits-apprentissage\/#portraits\" class=\"our-stories-section__link\" id=\"content-production\">Apprentissage<span> <img decoding=\"async\" class=\"white-arr\" src=\"\/wp-content\/uploads\/sites\/747\/2019\/02\/Arrow-white.png\" alt=\"\" \/><\/span><\/a><\/li>\n<li class=\"our-stories-section__link\"><a href=\"https:\/\/willistowerwatson-v1.site.findly.com\/fr\/portraits\/portraits-postes-debutant\/#portraits\" class=\"our-stories-section__link\" id=\"corporate\">Postes d\u00e9butant<span> <img decoding=\"async\" class=\"white-arr\" src=\"\/wp-content\/uploads\/sites\/747\/2019\/02\/Arrow-white.png\" alt=\"\" \/><\/span><\/a><\/li>\n<\/ul>\n<ul class=\"our-stories-section__list\">\n<li class=\"our-stories-section__link\"><a href=\"https:\/\/willistowerwatson-v1.site.findly.com\/fr\/portraits\/portraits-postes-avec-experience\/#portraits\" class=\"our-stories-section__link\" id=\"home-service\">Postes avec exp\u00e9rience<span> <img decoding=\"async\" class=\"white-arr\" src=\"\/wp-content\/uploads\/sites\/747\/2019\/02\/Arrow-white.png\" alt=\"\" \/><\/span><\/a><\/li>\n<li class=\"our-stories-section__link\"><a href=\"https:\/\/willistowerwatson-v1.site.findly.com\/fr\/portraits\/portraits-vie-familiale\/#portraits\" class=\"our-stories-section__link\" id=\"retail\">Vie familiale<span> <img decoding=\"async\" class=\"white-arr\" src=\"\/wp-content\/uploads\/sites\/747\/2019\/02\/Arrow-white.png\" alt=\"\" \/><\/span><\/a><\/li>\n<li class=\"our-stories-section__link\"><a href=\"https:\/\/willistowerwatson-v1.site.findly.com\/fr\/portraits\/portraits-travail-flexible\/#portraits\" class=\"our-stories-section__link\" id=\"contact-centre-operations\">Travail flexible<span> <img decoding=\"async\" class=\"white-arr\" src=\"\/wp-content\/uploads\/sites\/747\/2019\/02\/Arrow-white.png\" alt=\"\" \/><\/span><\/a><\/li>\n<\/ul>\n<ul class=\"our-stories-section__list\">\n<li class=\"our-stories-section__link\"><a href=\"https:\/\/willistowerwatson-v1.site.findly.com\/fr\/portraits\/portraits-inclusion-et-diversite\/#portraits\" class=\"our-stories-section__link\" id=\"b2b\">Inclusion et Diversit\u00e9<span> <img decoding=\"async\" class=\"white-arr\" src=\"\/wp-content\/uploads\/sites\/747\/2019\/02\/Arrow-white.png\" alt=\"\" \/><\/span><\/a><\/li>\n<li class=\"our-stories-section__link\"><a href=\"https:\/\/willistowerwatson-v1.site.findly.com\/fr\/portraits\/portraits-sante-mentale\/#portraits\" class=\"our-stories-section__link\" id=\"early-careers\">Sant\u00e9 mentale<span> <img decoding=\"async\" class=\"white-arr\" src=\"\/wp-content\/uploads\/sites\/747\/2019\/02\/Arrow-white.png\" alt=\"\" \/><\/span><\/a><\/li>\n<\/ul>\n<\/div>\n            <\/div>        <\/div>    <\/div><\/section>\n<\/div>\n\n<\/div><\/div><\/div><!-- close content main div --><\/div><\/div><div id='portraits' class='avia-section main_color avia-section-default avia-no-border-styling avia-bg-style-scroll  pink-hover place-for-possibilities blog-people container_wrap fullsize'   ><div class='container' ><div class='template-page content  av-content-full alpha units'><div class='post-entry post-entry-type-page post-entry-23355'><div class='entry-content-wrapper clearfix'>\n<section class=\"av_textblock_section\"  itemscope=\"itemscope\" itemtype=\"https:\/\/schema.org\/CreativeWork\" ><div class='avia_textblock rec-up blog-people-head'   itemprop=\"text\" ><h2 class=\"inner-heading\">VIE FAMILIALE T\u00c9MOIGNAGES<\/h2>\n<\/div><\/section>\n<div id='av-masonry-1' class='av-masonry noHover av-fixed-size av-large-gap av-hover-overlay-active av-masonry-col-3 av-caption-always av-caption-style- '  ><div class='av-masonry-container isotope av-js-disabled ' ><div class='av-masonry-entry isotope-item av-masonry-item-no-image '><\/div><a href=\"https:\/\/willistowerwatson.site.findly.com\/fr\/2020\/04\/20\/returning-to-work-after-parental-leave\/\" id='av-masonry-1-item-23270' data-av-masonry-item='23270' class='av-masonry-entry isotope-item post-23270 post type-post status-publish format-standard has-post-thumbnail hentry category-experienced-hire-fr category-flexible-working-fr category-inclusion-et-diversite category-mywtw-es-fr category-postes-avec-experience category-travail-flexible category-vie-familiale tag-mywtw-es-fr tag-wtwlife-fr  av-masonry-item-with-image' title=\"Returning to work after parental leave\"  itemscope=\"itemscope\" itemtype=\"https:\/\/schema.org\/CreativeWork\" ><div class='av-inner-masonry-sizer'><\/div><figure class='av-inner-masonry main_color'><div class=\"av-masonry-outerimage-container\"><div class=\"av-masonry-image-container\" style=\"background-image: url(https:\/\/willistowerwatson.site.findly.com\/wp-content\/uploads\/sites\/3376\/2020\/04\/3-1-528x705.jpg);\"><img decoding=\"async\" src=\"https:\/\/willistowerwatson.site.findly.com\/wp-content\/uploads\/sites\/3376\/2020\/04\/3-1-528x705.jpg\" title=\"3\" alt=\"\" \/><\/div><\/div><figcaption class='av-inner-masonry-content site-background'><div class='av-inner-masonry-content-pos'><div class='av-inner-masonry-content-pos-content'><div class='avia-arrow'><\/div><h3 class='av-masonry-entry-title entry-title'  itemprop=\"headline\" >Returning to work after parental leave<\/h3><span class='av-masonry-date meta-color updated'>avril 20, 2020<\/span><span class=\"av-masonry-text-sep text-sep-author\">\/<\/span><span class='av-masonry-author meta-color vcard author'><span class='fn'>par rahid<\/span><\/span><\/div><\/div><\/figcaption><\/figure><\/a><!--end av-masonry entry--><\/div><\/div>\n\n","protected":false},"excerpt":{"rendered":"","protected":false},"author":1048,"featured_media":0,"parent":23123,"menu_order":0,"comment_status":"closed","ping_status":"closed","template":"","meta":{"pgc_meta":"","footnotes":""},"location_type":[],"class_list":["post-23355","page","type-page","status-publish","hentry"],"yoast_head":"<!-- This site is optimized with the Yoast SEO Premium plugin v23.0 (Yoast SEO v23.0) - https:\/\/yoast.com\/wordpress\/plugins\/seo\/ -->\n<title>PORTRAITS Vie familiale -<\/title>\n<meta name=\"robots\" content=\"index, follow, max-snippet:-1, max-image-preview:large, max-video-preview:-1\" \/>\n<link rel=\"canonical\" href=\"https:\/\/careers.wtwco.com\/fr\/portraits\/portraits-vie-familiale\/\" \/>\n<meta property=\"og:locale\" content=\"fr_FR\" \/>\n<meta property=\"og:type\" content=\"article\" \/>\n<meta property=\"og:title\" content=\"PORTRAITS Vie familiale\" \/>\n<meta property=\"og:url\" content=\"https:\/\/willistowerwatson.site.findly.com\/fr\/portraits\/portraits-vie-familiale\/\" \/>\n<meta property=\"article:modified_time\" content=\"2022-12-26T06:16:35+00:00\" \/>\n<meta property=\"og:image\" content=\"https:\/\/willistowerwatson.site.findly.com\/wp-content\/uploads\/sites\/1216\/2020\/04\/black-arrow.png\" \/>\n<meta name=\"twitter:label1\" content=\"Dur\u00e9e de lecture estim\u00e9e\" \/>\n\t<meta name=\"twitter:data1\" content=\"4 minutes\" \/>\n<script type=\"application\/ld+json\" class=\"yoast-schema-graph\">{\"@context\":\"https:\/\/schema.org\",\"@graph\":[{\"@type\":\"WebPage\",\"@id\":\"https:\/\/willistowerwatson.site.findly.com\/fr\/portraits\/portraits-vie-familiale\/\",\"url\":\"https:\/\/willistowerwatson.site.findly.com\/fr\/portraits\/portraits-vie-familiale\/\",\"name\":\"PORTRAITS Vie familiale -\",\"isPartOf\":{\"@id\":\"https:\/\/careers.wtwco.com\/#website\"},\"datePublished\":\"2020-04-23T05:49:00+00:00\",\"dateModified\":\"2022-12-26T06:16:35+00:00\",\"breadcrumb\":{\"@id\":\"https:\/\/willistowerwatson.site.findly.com\/fr\/portraits\/portraits-vie-familiale\/#breadcrumb\"},\"inLanguage\":\"fr-FR\",\"potentialAction\":[{\"@type\":\"ReadAction\",\"target\":[\"https:\/\/willistowerwatson.site.findly.com\/fr\/portraits\/portraits-vie-familiale\/\"]}]},{\"@type\":\"BreadcrumbList\",\"@id\":\"https:\/\/willistowerwatson.site.findly.com\/fr\/portraits\/portraits-vie-familiale\/#breadcrumb\",\"itemListElement\":[{\"@type\":\"ListItem\",\"position\":1,\"name\":\"Home\",\"item\":\"https:\/\/careers.wtwco.com\/fr\/\"},{\"@type\":\"ListItem\",\"position\":2,\"name\":\"PORTRAITS\",\"item\":\"https:\/\/careers.wtwco.com\/fr\/portraits\/\"},{\"@type\":\"ListItem\",\"position\":3,\"name\":\"PORTRAITS Vie familiale\"}]},{\"@type\":\"WebSite\",\"@id\":\"https:\/\/careers.wtwco.com\/#website\",\"url\":\"https:\/\/careers.wtwco.com\/\",\"name\":\"\",\"description\":\"ibee Demo Site\",\"potentialAction\":[{\"@type\":\"SearchAction\",\"target\":{\"@type\":\"EntryPoint\",\"urlTemplate\":\"https:\/\/careers.wtwco.com\/?s={search_term_string}\"},\"query-input\":\"required name=search_term_string\"}],\"inLanguage\":\"fr-FR\"}]}<\/script>\n<!-- \/ Yoast SEO Premium plugin. -->","yoast_head_json":{"title":"PORTRAITS Vie familiale -","robots":{"index":"index","follow":"follow","max-snippet":"max-snippet:-1","max-image-preview":"max-image-preview:large","max-video-preview":"max-video-preview:-1"},"canonical":"https:\/\/careers.wtwco.com\/fr\/portraits\/portraits-vie-familiale\/","og_locale":"fr_FR","og_type":"article","og_title":"PORTRAITS Vie familiale","og_url":"https:\/\/willistowerwatson.site.findly.com\/fr\/portraits\/portraits-vie-familiale\/","article_modified_time":"2022-12-26T06:16:35+00:00","og_image":[{"url":"https:\/\/willistowerwatson.site.findly.com\/wp-content\/uploads\/sites\/1216\/2020\/04\/black-arrow.png"}],"twitter_misc":{"Dur\u00e9e de lecture estim\u00e9e":"4 minutes"},"schema":{"@context":"https:\/\/schema.org","@graph":[{"@type":"WebPage","@id":"https:\/\/willistowerwatson.site.findly.com\/fr\/portraits\/portraits-vie-familiale\/","url":"https:\/\/willistowerwatson.site.findly.com\/fr\/portraits\/portraits-vie-familiale\/","name":"PORTRAITS Vie familiale -","isPartOf":{"@id":"https:\/\/careers.wtwco.com\/#website"},"datePublished":"2020-04-23T05:49:00+00:00","dateModified":"2022-12-26T06:16:35+00:00","breadcrumb":{"@id":"https:\/\/willistowerwatson.site.findly.com\/fr\/portraits\/portraits-vie-familiale\/#breadcrumb"},"inLanguage":"fr-FR","potentialAction":[{"@type":"ReadAction","target":["https:\/\/willistowerwatson.site.findly.com\/fr\/portraits\/portraits-vie-familiale\/"]}]},{"@type":"BreadcrumbList","@id":"https:\/\/willistowerwatson.site.findly.com\/fr\/portraits\/portraits-vie-familiale\/#breadcrumb","itemListElement":[{"@type":"ListItem","position":1,"name":"Home","item":"https:\/\/careers.wtwco.com\/fr\/"},{"@type":"ListItem","position":2,"name":"PORTRAITS","item":"https:\/\/careers.wtwco.com\/fr\/portraits\/"},{"@type":"ListItem","position":3,"name":"PORTRAITS Vie familiale"}]},{"@type":"WebSite","@id":"https:\/\/careers.wtwco.com\/#website","url":"https:\/\/careers.wtwco.com\/","name":"","description":"ibee Demo Site","potentialAction":[{"@type":"SearchAction","target":{"@type":"EntryPoint","urlTemplate":"https:\/\/careers.wtwco.com\/?s={search_term_string}"},"query-input":"required name=search_term_string"}],"inLanguage":"fr-FR"}]}},"pgc_meta":"","_links":{"self":[{"href":"https:\/\/willistowerwatson.site.findly.com\/fr\/wp-json\/wp\/v2\/pages\/23355","targetHints":{"allow":["GET"]}}],"collection":[{"href":"https:\/\/willistowerwatson.site.findly.com\/fr\/wp-json\/wp\/v2\/pages"}],"about":[{"href":"https:\/\/willistowerwatson.site.findly.com\/fr\/wp-json\/wp\/v2\/types\/page"}],"author":[{"embeddable":true,"href":"https:\/\/willistowerwatson.site.findly.com\/fr\/wp-json\/wp\/v2\/users\/1048"}],"replies":[{"embeddable":true,"href":"https:\/\/willistowerwatson.site.findly.com\/fr\/wp-json\/wp\/v2\/comments?post=23355"}],"version-history":[{"count":6,"href":"https:\/\/willistowerwatson.site.findly.com\/fr\/wp-json\/wp\/v2\/pages\/23355\/revisions"}],"predecessor-version":[{"id":29446,"href":"https:\/\/willistowerwatson.site.findly.com\/fr\/wp-json\/wp\/v2\/pages\/23355\/revisions\/29446"}],"up":[{"embeddable":true,"href":"https:\/\/willistowerwatson.site.findly.com\/fr\/wp-json\/wp\/v2\/pages\/23123"}],"wp:attachment":[{"href":"https:\/\/willistowerwatson.site.findly.com\/fr\/wp-json\/wp\/v2\/media?parent=23355"}],"wp:term":[{"taxonomy":"location_type","embeddable":true,"href":"https:\/\/willistowerwatson.site.findly.com\/fr\/wp-json\/wp\/v2\/location_type?post=23355"}],"curies":[{"name":"wp","href":"https:\/\/api.w.org\/{rel}","templated":true}]}}