{"id":13490,"date":"2019-11-21T10:12:56","date_gmt":"2019-11-21T10:12:56","guid":{"rendered":"http:\/\/willistowerwatson-v2.site.findly.com\/?page_id=13490\/"},"modified":"2019-12-05T12:51:28","modified_gmt":"2019-12-05T12:51:28","slug":"apprenticeship-faqs","status":"publish","type":"page","link":"https:\/\/willistowerwatson.site.findly.com\/pt-br\/early-careers\/apprenticeships\/apprenticeship-faqs\/","title":{"rendered":"APPRENTICESHIP FAQs"},"content":{"rendered":"<\/div><\/div><\/div><!-- close content main div --><\/div><\/div><div id='av_section_1' class='avia-section main_color avia-section-small avia-no-border-styling avia-bg-style-scroll  search-banner new-search container_wrap fullsize'   ><div class='container' ><div class='template-page content  av-content-full alpha units'><div class='post-entry post-entry-type-page post-entry-13490'><div class='entry-content-wrapper clearfix'>\n<div class='flex_column_table av-equal-height-column-flextable' ><div class=\"flex_column av_two_third  flex_column_table_cell av-equal-height-column av-align-top av-zero-column-padding first   \" style='border-radius:0px; '><div class='avia-builder-widget-area clearfix '><div id=\"widget_job_search_v2-3\" class=\"widget clearfix widget-jobsearch widget-jobsearch-v2\"><form method=\"GET\" id=\"cws_quickjobsearch\" role=\"search\" class=\"clearfix g-cols offset_medium\" action=\"\/pt-br\/job-search-results\/\"><div class=\"quicksearch-field quicksearch-SearchText first avia-builder-el-first  flex_column av_one_half horizontal\"><div class=\"w-form-row\"><div class=\"w-form-row-label\"><label for=\"cws_quickjobsearch_keywords\">Job Title or Category<\/label><\/div><div class=\"w-form-row-field\"><input type=\"text\" class=\"text_input keyword_suggest\" name=\"keyword\" id=\"cws_quickjobsearch_keywords\" data-autocomplete_limit=\"5\" placeholder=\"Job Title or Category\"  data-param=\"SearchText\" aria-describedby=\"keyword-help\" value=\"\" \/><span id=\"keyword-help\" class=\"visually-hidden sr-only\" aria-live=\"polite\">Begin typing to find suggestions.<\/span><span class=\"w-form-row-field-bar\"><\/span><\/div><input type=\"hidden\" name=\"fuzzy\" id=\"cws_quickjobsearch_fuzzy\" data-param=\"fuzzy\" value=\"\" \/><\/div><\/div><div class=\"quicksearch-btn avia-builder-el-last flex_column av_one_half\"><input class=\"avia-button avia-color-theme-color avia-size-small quicksearch-submit\" type=\"submit\" value=\"Find a job\" \/><\/div><\/form><\/div><\/div><\/div><div class='av-flex-placeholder'><\/div><div class=\"flex_column av_one_third  flex_column_table_cell av-equal-height-column av-align-top av-zero-column-padding   right-search \" style='border-radius:0px; '><div class='avia-builder-widget-area clearfix '><div id=\"text-13\" class=\"widget clearfix widget_text\">\t\t\t<div class=\"textwidget\"><p>Para se manter informado(a) sobre novas vagas: <a class=\"right-link\" href=\"https:\/\/eedu.fa.em3.oraclecloud.com\/hcmUI\/CandidateExperience\/en\/sites\/CX_1003\/tc-join?mode=location\" target=\"_blank\" rel=\"noopener\">Junte-se \u00e0 nossa Rede de Talentos<\/a><\/p>\n<\/div>\n\t\t<\/div><\/div><\/div><\/div><!--close column table wrapper. Autoclose:  -->\n\n<div id='layer_slider_1' class='avia-layerslider main_color avia-shadow  container_wrap fullsize'    style='height: 601px;' ><\/div>\n<div id='layer_slider_2' class='avia-layerslider main_color avia-shadow  container_wrap fullsize'    style='height: 1141px;' ><\/div>\n<\/div><\/div><\/div><!-- close content main div --><\/div><\/div><div id='av_section_2' class='avia-section main_color avia-section-no-padding avia-no-border-styling avia-bg-style-scroll  full-width faq-outer last-para-pad container_wrap fullsize'   ><div class='container' ><div class='template-page content  av-content-full alpha units'><div class='post-entry post-entry-type-page post-entry-13490'><div class='entry-content-wrapper clearfix'>\n<div class=\"togglecontainer toggle_close_all  faq-acc\">\n<section class=\"av_toggle_section\"  itemscope=\"itemscope\" itemtype=\"https:\/\/schema.org\/CreativeWork\" >    <div class=\"single_toggle\" data-tags=\"{Todos} \" >        <p data-fake-id=\"#toggle-id-1\" class=\"toggler activeTitle\"  itemprop=\"headline\" >GERAL<span class=\"toggle_icon\">        <span class=\"vert_icon\"><\/span><span class=\"hor_icon\"><\/span><\/span><\/p>        <div id=\"toggle-id-1-container\" class=\"toggle_wrap active_tc\" >            <div class=\"toggle_content invers-color\"  itemprop=\"text\" ><div class=\"faq-main\">\n<div class=\"faq\">\n<div class=\"faq-left\"><b>Quais s\u00e3o os requisitos m\u00ednimos para participar do Programa de Aprendizagem?<\/b><\/div>\n<div class=\"faq-right\">Geralmente, procuramos candidatos com no m\u00ednimo 3 n\u00edveis A (ou qualifica\u00e7\u00f5es equivalentes) para nosso programa de aprendizagem em seguros e pelo menos uma nota B em matem\u00e1tica (ou qualifica\u00e7\u00f5es equivalentes) para nosso programa de aprendizagem atuarial. Entretanto, os programas podem ter outros requisitos espec\u00edficos. Portanto, leia cuidadosamente a descri\u00e7\u00e3o do trabalho antes de enviar sua inscri\u00e7\u00e3o.<\/div>\n<\/div>\n<div class=\"faq\">\n<div class=\"faq-left\"><b>Preciso ter alguma experi\u00eancia profissional relevante?<\/b><\/div>\n<div class=\"faq-right\">N\u00e3o.<\/div>\n<\/div>\n<div class=\"faq\">\n<div class=\"faq-left\"><b>Quanto tempo dura o Programa de Aprendizagem?<\/b><\/div>\n<div class=\"faq-right\">Nossos programas de aprendizagem duram de 24 a 36 meses, dependendo do ritmo em que voc\u00ea progride.<\/div>\n<\/div>\n<div class=\"faq\">\n<div class=\"faq-left\"><b>Quando come\u00e7a o Programa de Aprendizagem?<\/b><\/div>\n<div class=\"faq-right\">Todos os nossos aprendizes come\u00e7am a trabalhar no in\u00edcio de setembro de cada ano.<\/div>\n<\/div>\n<div class=\"faq\">\n<div class=\"faq-left\"><b>Quanto vou ganhar se for aceito no Programa de Aprendizagem?<\/b><\/div>\n<div class=\"faq-right\">As informa\u00e7\u00f5es salariais s\u00e3o fornecidas quando voc\u00ea chega na fase de proposta do processo de sele\u00e7\u00e3o. Nossos sal\u00e1rios para o Programa de Aprendizagem s\u00e3o altamente competitivos e inclu\u00edmos um pacote abrangente de benef\u00edcios e um programa de estudos (quando relevante para a sua fun\u00e7\u00e3o).<\/div>\n<\/div>\n<div class=\"faq\">\n<div class=\"faq-left\"><b>A Willis Towers Watson patrocina vistos para aprendizes?<\/b><\/div>\n<div class=\"faq-right\">Infelizmente n\u00e3o podemos oferecer patroc\u00ednios de vistos no \u00e2mbito do Programa de Aprendizagem.<\/div>\n<\/div>\n<div class=\"faq\">\n<div class=\"faq-left\"><b>Com quem devo falar se tiver uma d\u00favida?<\/b><\/div>\n<div class=\"faq-right\">Envie um e-mail para <a href=\"mailto:apprenticeships@willistowerswatson.com\">apprenticeships@willistowerswatson.com<\/a> e um membro de nossa equipe do Programa de Aprendizagem responder\u00e1 \u00e0 sua consulta o mais r\u00e1pido poss\u00edvel.<\/div>\n<\/div>\n<\/div>\n            <\/div>        <\/div>    <\/div><\/section>\n<section class=\"av_toggle_section\"  itemscope=\"itemscope\" itemtype=\"https:\/\/schema.org\/CreativeWork\" >    <div class=\"single_toggle\" data-tags=\"{Todos} \" >        <p data-fake-id=\"#toggle-id-2\" class=\"toggler \"  itemprop=\"headline\" >INSCRI\u00c7\u00c3O<span class=\"toggle_icon\">        <span class=\"vert_icon\"><\/span><span class=\"hor_icon\"><\/span><\/span><\/p>        <div id=\"toggle-id-2-container\" class=\"toggle_wrap \" >            <div class=\"toggle_content invers-color\"  itemprop=\"text\" ><div class=\"faq-main\">\n<div class=\"faq\">\n<div class=\"faq-left\"><b>Como me inscrevo no Programa de Aprendizagem?<\/b><\/div>\n<div class=\"faq-right\">Pedimos a todos os candidatos que se inscrevam on-line pelo nosso site. N\u00e3o recebemos curr\u00edculos e cartas de apresenta\u00e7\u00e3o por correio ou por e-mail.<\/div>\n<\/div>\n<div class=\"faq\">\n<div class=\"faq-left\"><b>Quando posso me inscrever?<\/b><\/div>\n<div class=\"faq-right\">A partir de novembro. Nosso processo de recrutamento \u00e9 cont\u00ednuo. Por isso, sugerimos que voc\u00ea se inscreva o mais cedo poss\u00edvel, pois poderemos fechar as inscri\u00e7\u00f5es antes desse prazo se preenchermos todas as vagas.<\/div>\n<\/div>\n<div class=\"faq\">\n<div class=\"faq-left\"><b>Posso me inscrever em mais de um Programa de Aprendizagem?<\/b><\/div>\n<div class=\"faq-right\">N\u00e3o, s\u00f3 consideramos uma inscri\u00e7\u00e3o por candidato por ciclo de recrutamento.<\/div>\n<\/div>\n<div class=\"faq\">\n<div class=\"faq-left\"><b>Eu realmente quero trabalhar na Willis Towers Watson, mas n\u00e3o atendo aos requisitos m\u00ednimos. Posso me inscrever?<\/b><\/div>\n<div class=\"faq-right\">Infelizmente, n\u00e3o podemos aceitar inscri\u00e7\u00f5es que n\u00e3o atendam aos nossos requisitos m\u00ednimos, pois precisamos ser justos e consistentes com todos os candidatos inscritos. No entanto, podemos ter outros cargos que sejam adequados para as suas habilidades. <a href=\"http:\/\/willistowerwatson-v2.site.findly.com\/pt-br\/job-search-results\/\">Explore nossas oportunidades<\/a><\/div>\n<\/div>\n<div class=\"faq\">\n<div class=\"faq-left\"><b>Preciso enviar uma carta de apresenta\u00e7\u00e3o ou declara\u00e7\u00e3o pessoal?<\/b><\/div>\n<div class=\"faq-right\">N\u00e3o. Voc\u00ea ser\u00e1 solicitado a fornecer os detalhes que normalmente incluiria em sua carta de apresenta\u00e7\u00e3o ou declara\u00e7\u00e3o pessoal como parte do processo de inscri\u00e7\u00e3o.<\/div>\n<\/div>\n<div class=\"faq\">\n<div class=\"faq-left\"><b>Como \u00e9 o processo de inscri\u00e7\u00e3o para o Programa de Aprendizagem?<\/b><\/div>\n<div class=\"faq-right\">\n<p>Voc\u00ea precisa cumprir v\u00e1rias etapas para concluir sua inscri\u00e7\u00e3o em um de nossos programas de aprendizagem:<\/p>\n<div style=\"padding-top: 10px;\">Inscri\u00e7\u00e3o on-line \u2192 Testes on-line \u2192 Entrevista em v\u00eddeo \u2192 Triagem do CV \u2192 Central de Avalia\u00e7\u00e3o<\/div>\n<\/div>\n<\/div>\n<div class=\"faq\">\n<div class=\"faq-left\"><b>Quando acontecem as Centrais de Avalia\u00e7\u00e3o?<\/b><\/div>\n<div class=\"faq-right\">As Centrais de Avalia\u00e7\u00e3o acontecem entre fevereiro e maio de cada ano.<\/div>\n<\/div>\n<div class=\"faq\">\n<div class=\"faq-left\"><b>Perdi o prazo. Voc\u00eas ainda podem receber minha inscri\u00e7\u00e3o?<\/b><\/div>\n<div class=\"faq-right\">Como somos uma empresa em crescimento e em constante mudan\u00e7a, vale a pena ficar de olho em nosso site e buscar novas oportunidades. \u00c0s vezes, podemos at\u00e9 reabrir as inscri\u00e7\u00f5es para Programas de Aprendizagem depois que o prazo final expirar.<\/div>\n<\/div>\n<div class=\"faq\">\n<div class=\"faq-left\"><b>Posso me inscrever novamente se n\u00e3o fui aprovado(a) anteriormente?<\/b><\/div>\n<div class=\"faq-right\">Sempre recebemos candidatos qualificados para qualquer cargo e temos o prazer de considerar as pessoas que se inscreveram anteriormente. Entretanto, pedimos que voc\u00ea envie apenas uma inscri\u00e7\u00e3o por cargo e por ciclo de recrutamento. Se voc\u00ea quiser se inscrever novamente para uma posi\u00e7\u00e3o no ciclo seguinte, voc\u00ea dever\u00e1 refazer todo o processo de inscri\u00e7\u00e3o. Voc\u00ea precisar\u00e1 demonstrar como ampliou sua experi\u00eancia e habilidades desde a primeira inscri\u00e7\u00e3o.<\/div>\n<\/div>\n<\/div>\n            <\/div>        <\/div>    <\/div><\/section>\n<\/div>\n<\/div><\/div><\/div><!-- close content main div --><\/div><\/div><div id='av_section_3' class='avia-section main_color avia-section-small avia-no-border-styling avia-bg-style-scroll  afaq-bottom full-width bg-cover av-minimum-height av-minimum-height-custom container_wrap fullsize' style = 'background-repeat: no-repeat; background-image: url(https:\/\/willistowerwatson.site.findly.com\/wp-content\/uploads\/sites\/3376\/2019\/03\/app-2.jpg); background-attachment: scroll; background-position: top left; ' data-section-bg-repeat='no-repeat' ><div class='container' style='height:310px'><div class='template-page content  av-content-full alpha units'><div class='post-entry post-entry-type-page post-entry-13490'><div class='entry-content-wrapper clearfix'>\n<div class='flex_column_table av-equal-height-column-flextable' ><div class=\"flex_column av_one_full  flex_column_table_cell av-equal-height-column av-align-bottom av-zero-column-padding first   \" style='border-radius:0px; '><section class=\"av_textblock_section\"  itemscope=\"itemscope\" itemtype=\"https:\/\/schema.org\/CreativeWork\" ><div class='avia_textblock '   itemprop=\"text\" ><div class=\"pink-btn\"><a href=\"http:\/\/willistowerwatson-v2.site.findly.com\/pt-br\/early-careers\/apprenticeships\/\">CONHE\u00c7A NOSSOS PROGRAMAS DE APRENDIZAGEM <span><img decoding=\"async\" class=\"white-arr\" src=\"\/wp-content\/uploads\/sites\/747\/2019\/02\/Arrow-white.png\" \/><\/span><\/a><\/div>\n<\/div><\/section><\/div><\/div><!--close column table wrapper. Autoclose:  -->\n<\/p>\n","protected":false},"excerpt":{"rendered":"","protected":false},"author":423,"featured_media":0,"parent":13391,"menu_order":0,"comment_status":"closed","ping_status":"closed","template":"","meta":{"pgc_meta":"","footnotes":""},"location_type":[],"class_list":["post-13490","page","type-page","status-publish","hentry"],"yoast_head":"<!-- This site is optimized with the Yoast SEO Premium plugin v23.0 (Yoast SEO v23.0) - https:\/\/yoast.com\/wordpress\/plugins\/seo\/ -->\n<title>Perguntas Frequentes Sobre Os Programas De Aprendizagem - Willis Towers Watson<\/title>\n<meta name=\"description\" content=\"Perguntas Frequentes Sobre Os Programas De Aprendizagem\" \/>\n<meta name=\"robots\" content=\"index, follow, max-snippet:-1, max-image-preview:large, max-video-preview:-1\" \/>\n<link rel=\"canonical\" href=\"https:\/\/careers.wtwco.com\/pt-br\/early-careers\/apprenticeships\/apprenticeship-faqs\/\" \/>\n<meta property=\"og:locale\" content=\"pt_BR\" \/>\n<meta property=\"og:type\" content=\"article\" \/>\n<meta property=\"og:title\" content=\"APPRENTICESHIP FAQs\" \/>\n<meta property=\"og:description\" content=\"Perguntas Frequentes Sobre Os Programas De Aprendizagem\" \/>\n<meta property=\"og:url\" content=\"https:\/\/careers.wtwco.com\/pt-br\/early-careers\/apprenticeships\/apprenticeship-faqs\/\" \/>\n<meta property=\"article:modified_time\" content=\"2019-12-05T12:51:28+00:00\" \/>\n<meta property=\"og:image\" content=\"https:\/\/willistowerwatson.site.findly.com\/wp-content\/uploads\/sites\/747\/2019\/02\/Arrow-white.png\" \/>\n<meta name=\"twitter:label1\" content=\"Est. tempo de leitura\" \/>\n\t<meta name=\"twitter:data1\" content=\"6 minutos\" \/>\n<script type=\"application\/ld+json\" class=\"yoast-schema-graph\">{\"@context\":\"https:\/\/schema.org\",\"@graph\":[{\"@type\":\"WebPage\",\"@id\":\"https:\/\/careers.wtwco.com\/pt-br\/early-careers\/apprenticeships\/apprenticeship-faqs\/\",\"url\":\"https:\/\/careers.wtwco.com\/pt-br\/early-careers\/apprenticeships\/apprenticeship-faqs\/\",\"name\":\"Perguntas Frequentes Sobre Os Programas De Aprendizagem - Willis Towers Watson\",\"isPartOf\":{\"@id\":\"https:\/\/careers.wtwco.com\/#website\"},\"datePublished\":\"2019-11-21T10:12:56+00:00\",\"dateModified\":\"2019-12-05T12:51:28+00:00\",\"description\":\"Perguntas Frequentes Sobre Os Programas De Aprendizagem\",\"breadcrumb\":{\"@id\":\"https:\/\/careers.wtwco.com\/pt-br\/early-careers\/apprenticeships\/apprenticeship-faqs\/#breadcrumb\"},\"inLanguage\":\"pt-BR\",\"potentialAction\":[{\"@type\":\"ReadAction\",\"target\":[\"https:\/\/careers.wtwco.com\/pt-br\/early-careers\/apprenticeships\/apprenticeship-faqs\/\"]}]},{\"@type\":\"BreadcrumbList\",\"@id\":\"https:\/\/careers.wtwco.com\/pt-br\/early-careers\/apprenticeships\/apprenticeship-faqs\/#breadcrumb\",\"itemListElement\":[{\"@type\":\"ListItem\",\"position\":1,\"name\":\"Home\",\"item\":\"https:\/\/careers.wtwco.com\/pt-br\/\"},{\"@type\":\"ListItem\",\"position\":2,\"name\":\"Early Careers\",\"item\":\"https:\/\/careers.wtwco.com\/pt-br\/early-careers\/\"},{\"@type\":\"ListItem\",\"position\":3,\"name\":\"APPRENTICESHIPS\",\"item\":\"https:\/\/careers.wtwco.com\/pt-br\/early-careers\/apprenticeships\/\"},{\"@type\":\"ListItem\",\"position\":4,\"name\":\"APPRENTICESHIP FAQs\"}]},{\"@type\":\"WebSite\",\"@id\":\"https:\/\/careers.wtwco.com\/#website\",\"url\":\"https:\/\/careers.wtwco.com\/\",\"name\":\"\",\"description\":\"ibee Demo Site\",\"potentialAction\":[{\"@type\":\"SearchAction\",\"target\":{\"@type\":\"EntryPoint\",\"urlTemplate\":\"https:\/\/careers.wtwco.com\/?s={search_term_string}\"},\"query-input\":\"required name=search_term_string\"}],\"inLanguage\":\"pt-BR\"}]}<\/script>\n<!-- \/ Yoast SEO Premium plugin. -->","yoast_head_json":{"title":"Perguntas Frequentes Sobre Os Programas De Aprendizagem - Willis Towers Watson","description":"Perguntas Frequentes Sobre Os Programas De Aprendizagem","robots":{"index":"index","follow":"follow","max-snippet":"max-snippet:-1","max-image-preview":"max-image-preview:large","max-video-preview":"max-video-preview:-1"},"canonical":"https:\/\/careers.wtwco.com\/pt-br\/early-careers\/apprenticeships\/apprenticeship-faqs\/","og_locale":"pt_BR","og_type":"article","og_title":"APPRENTICESHIP FAQs","og_description":"Perguntas Frequentes Sobre Os Programas De Aprendizagem","og_url":"https:\/\/careers.wtwco.com\/pt-br\/early-careers\/apprenticeships\/apprenticeship-faqs\/","article_modified_time":"2019-12-05T12:51:28+00:00","og_image":[{"url":"https:\/\/willistowerwatson.site.findly.com\/wp-content\/uploads\/sites\/747\/2019\/02\/Arrow-white.png"}],"twitter_misc":{"Est. tempo de leitura":"6 minutos"},"schema":{"@context":"https:\/\/schema.org","@graph":[{"@type":"WebPage","@id":"https:\/\/careers.wtwco.com\/pt-br\/early-careers\/apprenticeships\/apprenticeship-faqs\/","url":"https:\/\/careers.wtwco.com\/pt-br\/early-careers\/apprenticeships\/apprenticeship-faqs\/","name":"Perguntas Frequentes Sobre Os Programas De Aprendizagem - Willis Towers Watson","isPartOf":{"@id":"https:\/\/careers.wtwco.com\/#website"},"datePublished":"2019-11-21T10:12:56+00:00","dateModified":"2019-12-05T12:51:28+00:00","description":"Perguntas Frequentes Sobre Os Programas De Aprendizagem","breadcrumb":{"@id":"https:\/\/careers.wtwco.com\/pt-br\/early-careers\/apprenticeships\/apprenticeship-faqs\/#breadcrumb"},"inLanguage":"pt-BR","potentialAction":[{"@type":"ReadAction","target":["https:\/\/careers.wtwco.com\/pt-br\/early-careers\/apprenticeships\/apprenticeship-faqs\/"]}]},{"@type":"BreadcrumbList","@id":"https:\/\/careers.wtwco.com\/pt-br\/early-careers\/apprenticeships\/apprenticeship-faqs\/#breadcrumb","itemListElement":[{"@type":"ListItem","position":1,"name":"Home","item":"https:\/\/careers.wtwco.com\/pt-br\/"},{"@type":"ListItem","position":2,"name":"Early Careers","item":"https:\/\/careers.wtwco.com\/pt-br\/early-careers\/"},{"@type":"ListItem","position":3,"name":"APPRENTICESHIPS","item":"https:\/\/careers.wtwco.com\/pt-br\/early-careers\/apprenticeships\/"},{"@type":"ListItem","position":4,"name":"APPRENTICESHIP FAQs"}]},{"@type":"WebSite","@id":"https:\/\/careers.wtwco.com\/#website","url":"https:\/\/careers.wtwco.com\/","name":"","description":"ibee Demo Site","potentialAction":[{"@type":"SearchAction","target":{"@type":"EntryPoint","urlTemplate":"https:\/\/careers.wtwco.com\/?s={search_term_string}"},"query-input":"required name=search_term_string"}],"inLanguage":"pt-BR"}]}},"pgc_meta":"","_links":{"self":[{"href":"https:\/\/willistowerwatson.site.findly.com\/pt-br\/wp-json\/wp\/v2\/pages\/13490","targetHints":{"allow":["GET"]}}],"collection":[{"href":"https:\/\/willistowerwatson.site.findly.com\/pt-br\/wp-json\/wp\/v2\/pages"}],"about":[{"href":"https:\/\/willistowerwatson.site.findly.com\/pt-br\/wp-json\/wp\/v2\/types\/page"}],"author":[{"embeddable":true,"href":"https:\/\/willistowerwatson.site.findly.com\/pt-br\/wp-json\/wp\/v2\/users\/423"}],"replies":[{"embeddable":true,"href":"https:\/\/willistowerwatson.site.findly.com\/pt-br\/wp-json\/wp\/v2\/comments?post=13490"}],"version-history":[{"count":1,"href":"https:\/\/willistowerwatson.site.findly.com\/pt-br\/wp-json\/wp\/v2\/pages\/13490\/revisions"}],"predecessor-version":[{"id":29611,"href":"https:\/\/willistowerwatson.site.findly.com\/pt-br\/wp-json\/wp\/v2\/pages\/13490\/revisions\/29611"}],"up":[{"embeddable":true,"href":"https:\/\/willistowerwatson.site.findly.com\/pt-br\/wp-json\/wp\/v2\/pages\/13391"}],"wp:attachment":[{"href":"https:\/\/willistowerwatson.site.findly.com\/pt-br\/wp-json\/wp\/v2\/media?parent=13490"}],"wp:term":[{"taxonomy":"location_type","embeddable":true,"href":"https:\/\/willistowerwatson.site.findly.com\/pt-br\/wp-json\/wp\/v2\/location_type?post=13490"}],"curies":[{"name":"wp","href":"https:\/\/api.w.org\/{rel}","templated":true}]}}